{"id":7931,"date":"2017-04-03T15:11:37","date_gmt":"2017-04-03T15:11:37","guid":{"rendered":"http:\/\/aeroviarios.org.br\/?page_id=7931"},"modified":"2017-04-03T15:11:37","modified_gmt":"2017-04-03T15:11:37","slug":"indices-de-reajuste","status":"publish","type":"page","link":"https:\/\/aeroviarios.org.br\/index.php\/indices-de-reajuste\/","title":{"rendered":"\u00cdndices de reajuste"},"content":{"rendered":"<p><em>Confira os \u00edndices de reajuste acordados na \u00faltima CCT dos aerovi\u00e1rios, em dezembro de 2024:<\/em><\/p>\n<p>Em breve.<\/p>\n","protected":false},"excerpt":{"rendered":"<p>Confira os \u00edndices de reajuste acordados na \u00faltima CCT dos aerovi\u00e1rios, em dezembro de 2024: Em breve.<\/p>\n","protected":false},"author":4,"featured_media":0,"parent":0,"menu_order":0,"comment_status":"closed","ping_status":"closed","template":"","meta":{"footnotes":""},"class_list":["post-7931","page","type-page","status-publish"],"_links":{"self":[{"href":"https:\/\/aeroviarios.org.br\/index.php\/wp-json\/wp\/v2\/pages\/7931","targetHints":{"allow":["GET"]}}],"collection":[{"href":"https:\/\/aeroviarios.org.br\/index.php\/wp-json\/wp\/v2\/pages"}],"about":[{"href":"https:\/\/aeroviarios.org.br\/index.php\/wp-json\/wp\/v2\/types\/page"}],"author":[{"embeddable":true,"href":"https:\/\/aeroviarios.org.br\/index.php\/wp-json\/wp\/v2\/users\/4"}],"replies":[{"embeddable":true,"href":"https:\/\/aeroviarios.org.br\/index.php\/wp-json\/wp\/v2\/comments?post=7931"}],"version-history":[{"count":0,"href":"https:\/\/aeroviarios.org.br\/index.php\/wp-json\/wp\/v2\/pages\/7931\/revisions"}],"wp:attachment":[{"href":"https:\/\/aeroviarios.org.br\/index.php\/wp-json\/wp\/v2\/media?parent=7931"}],"curies":[{"name":"wp","href":"https:\/\/api.w.org\/{rel}","templated":true}]}}