{"id":7630,"date":"2016-12-27T16:18:14","date_gmt":"2016-12-27T16:18:14","guid":{"rendered":"http:\/\/aeroviarios.org.br\/?page_id=7630"},"modified":"2016-12-27T16:18:14","modified_gmt":"2016-12-27T16:18:14","slug":"mecanico-de-pista-sem-ele-nao-ha-seguranca-de-voo","status":"publish","type":"page","link":"https:\/\/aeroviarios.org.br\/index.php\/mecanico-de-pista-sem-ele-nao-ha-seguranca-de-voo\/","title":{"rendered":"Mec\u00e2nico de pista: sem ele, n\u00e3o h\u00e1 seguran\u00e7a de voo"},"content":{"rendered":"<div>\n<p>As empresas a\u00e9reas vem reduzindo custos atrav\u00e9s da precariza\u00e7\u00e3o das condi\u00e7\u00f5es de trabalho de aerovi\u00e1rios e\u00a0aeronautas. Toda precariza\u00e7\u00e3o do trabalho na avia\u00e7\u00e3o p\u00f5e em risco a seguran\u00e7a de voo e operacional. A terceiriza\u00e7\u00e3o\u00a0tamb\u00e9m.<\/p>\n<p><img fetchpriority=\"high\" decoding=\"async\" class=\"aligncenter size-full wp-image-7612\" src=\"https:\/\/aeroviarios.org.br\/novo\/wp-content\/uploads\/2016\/12\/14202820_869644399808131_643762732_o-702x336-e1482352249317.jpg\" alt=\"14202820_869644399808131_643762732_o-702x336\" width=\"500\" height=\"239\" \/><\/p>\n<p>Um acidente a\u00e9reo \u00e9 sempre uma sucess\u00e3o de erros e \u00e9 sempre uma trag\u00e9dia. Acidentes de trabalho que\u00a0levam a \u00f3bito trabalhadores da avia\u00e7\u00e3o tamb\u00e9m s\u00e3o uma enorme perda para a comunidade aeroportu\u00e1ria, e s\u00e3o\u00a0frequentes.<\/p>\n<p>A fadiga gerada pela sobrecarga de trabalho na avia\u00e7\u00e3o, f\u00edsica e psicol\u00f3gica, p\u00f5e em risco a sa\u00fade de trabalhadores\u00a0de todas as \u00e1reas, do pessoal de checkin, raioX, carregamento de bagagens, despacho, pista \u00e0 equipe da tripula\u00e7\u00e3o.\u00a0E, portanto, p\u00f5e em risco tamb\u00e9m os passageiros.<\/p>\n<p>Por isso, \u00e9 importante que todos saibam sobre as condi\u00e7\u00f5es de trabalho na avia\u00e7\u00e3o. Saibam que h\u00e1 muito ass\u00e9dio\u00a0moral e sobrecarga de trabalho. E muitas empresas s\u00e3o contratadas como terceirizadas e fecham suas portas sem\u00a0pagar as verbas rescis\u00f3rias trabalhistas.<\/p>\n<p><img decoding=\"async\" class=\"size-full wp-image-7632 alignleft\" src=\"https:\/\/aeroviarios.org.br\/novo\/wp-content\/uploads\/2016\/12\/mecanico-de-voo-1.jpg\" alt=\"mecanico-de-voo\" width=\"325\" height=\"170\" \/>O movimento mais recente de precariza\u00e7\u00e3o do trabalho, com reflexos diretos na seguran\u00e7a de voo, foi um pedido feito\u00a0pelas empresas a\u00e9reas \u00e0 Anac para que n\u00e3o seja exigido o mec\u00e2nico de pista que faz o check list final da aeronave\u00a0antes da decolagem.<\/p>\n<p>O mec\u00e2nico de pista \u00e9 essencial para revisar se a aeronave est\u00e1 ok, sem nenhuma falha, evitando acidentes a\u00e9reos.\u00a0Ele \u00e9 o respons\u00e1vel por fazer o check-in dos avi\u00f5es.<\/p>\n<\/div>\n<div>Em 23 de agosto, o Sindicato dos Aerovi\u00e1rios de Porto Alegre participou de uma audi\u00eancia p\u00fablica, na C\u00e2mara dos\u00a0Deputados, com a presen\u00e7a de dirigentes sindicais da avia\u00e7\u00e3o, Fentac\/CUT, mec\u00e2nicos de manuten\u00e7\u00e3o de aeronaves,\u00a0representantes da Anac e da Associa\u00e7\u00e3o Brasileira das Empresas A\u00e9reas (Abear), para discutir o tema. Os\u00a0trabalhadores defenderam a manuten\u00e7\u00e3o dos postos de trabalho para o exerc\u00edcio da fun\u00e7\u00e3o exercida pelos mec\u00e2nicos\u00a0de manuten\u00e7\u00e3o de aeronaves (MMA) na pista.<\/div>\n<div><\/div>\n<div><img decoding=\"async\" class=\"aligncenter size-full wp-image-7613\" src=\"https:\/\/aeroviarios.org.br\/novo\/wp-content\/uploads\/2016\/12\/cb337288-2a11-4393-9d10-f7f09fcbe707-not2344-300x169@2x-e1482352240492.jpg\" alt=\"cb337288-2a11-4393-9d10-f7f09fcbe707-not2344-300x1692x\" width=\"500\" height=\"282\" \/><br \/>\nEm 8 de novembro, a dire\u00e7\u00e3o do Sindicato reuniu-se com representantes da Anac. Na ocasi\u00e3o, o gerente de\u00a0Aeronavegabilidade da Ag\u00eancia afirmou que as empresas solicitaram uma revis\u00e3o dessa fun\u00e7\u00e3o, mas que a Anac\u00a0manteve a exig\u00eancia desses profissionais.<\/div>\n<div><\/div>\n<div><img loading=\"lazy\" decoding=\"async\" class=\"aligncenter size-large wp-image-7446\" src=\"https:\/\/aeroviarios.org.br\/novo\/wp-content\/uploads\/2016\/11\/IMG_1291-1024x491.jpg\" alt=\"img_1291\" width=\"702\" height=\"337\" \/><\/div>\n<div>A precariza\u00e7\u00e3o das condi\u00e7\u00f5es de trabalho na avia\u00e7\u00e3o civil foi o tema central da campanha salarial unificada de\u00a0aerovi\u00e1rios e aeronautas, conclu\u00edda em dezembro de 2016. #vooseguro<\/div>\n<div><\/div>\n<div><img loading=\"lazy\" decoding=\"async\" class=\"aligncenter size-large wp-image-7286\" src=\"https:\/\/aeroviarios.org.br\/novo\/wp-content\/uploads\/2016\/10\/IMG_0343-1024x683.jpg\" alt=\"img_0343\" width=\"702\" height=\"468\" \/><\/div>\n<p><strong>Senhores passageiros, saibam que:<\/strong><\/p>\n<ul>\n<li><strong>Os trabalhadores que atendem os passageiros no Raio X, na \u00e1rea de Embarque, s\u00e3o aerovi\u00e1rios funcion\u00e1rios de\u00a0empresas que prestam servi\u00e7o terceirizado \u00e0 Infraero. Eles s\u00e3o chamados Agentes de Prote\u00e7\u00e3o da Avia\u00e7\u00e3o Civil\u00a0(APACs).<br \/>\n<\/strong><\/li>\n<li><strong>Faltam funcion\u00e1rios nos setores de Rampa e na tripula\u00e7\u00e3o das companhias a\u00e9reas. Os aerovi\u00e1rios da Rampa, pilotos,\u00a0co-pilotos e comiss\u00e1rios de voo trabalham exaustivamente, e a fadiga f\u00edsica e emocional desses trabalhadores t\u00eam\u00a0reflexos na sa\u00fade dos mesmos e na seguran\u00e7a de voo.<\/strong><\/li>\n<\/ul>\n<p>&nbsp;<\/p>\n","protected":false},"excerpt":{"rendered":"<p>As empresas a\u00e9reas vem reduzindo custos atrav\u00e9s da precariza\u00e7\u00e3o das condi\u00e7\u00f5es de trabalho de aerovi\u00e1rios e\u00a0aeronautas. Toda precariza\u00e7\u00e3o do trabalho na avia\u00e7\u00e3o p\u00f5e em risco a seguran\u00e7a de voo e operacional. A terceiriza\u00e7\u00e3o\u00a0tamb\u00e9m. Um acidente a\u00e9reo \u00e9 sempre uma sucess\u00e3o de erros e \u00e9 sempre uma trag\u00e9dia. Acidentes de trabalho que\u00a0levam a \u00f3bito trabalhadores da<\/p>\n","protected":false},"author":4,"featured_media":7643,"parent":0,"menu_order":0,"comment_status":"closed","ping_status":"closed","template":"","meta":{"footnotes":""},"class_list":["post-7630","page","type-page","status-publish","has-post-thumbnail"],"_links":{"self":[{"href":"https:\/\/aeroviarios.org.br\/index.php\/wp-json\/wp\/v2\/pages\/7630","targetHints":{"allow":["GET"]}}],"collection":[{"href":"https:\/\/aeroviarios.org.br\/index.php\/wp-json\/wp\/v2\/pages"}],"about":[{"href":"https:\/\/aeroviarios.org.br\/index.php\/wp-json\/wp\/v2\/types\/page"}],"author":[{"embeddable":true,"href":"https:\/\/aeroviarios.org.br\/index.php\/wp-json\/wp\/v2\/users\/4"}],"replies":[{"embeddable":true,"href":"https:\/\/aeroviarios.org.br\/index.php\/wp-json\/wp\/v2\/comments?post=7630"}],"version-history":[{"count":0,"href":"https:\/\/aeroviarios.org.br\/index.php\/wp-json\/wp\/v2\/pages\/7630\/revisions"}],"wp:featuredmedia":[{"embeddable":true,"href":"https:\/\/aeroviarios.org.br\/index.php\/wp-json\/"}],"wp:attachment":[{"href":"https:\/\/aeroviarios.org.br\/index.php\/wp-json\/wp\/v2\/media?parent=7630"}],"curies":[{"name":"wp","href":"https:\/\/api.w.org\/{rel}","templated":true}]}}