{"id":7293,"date":"2016-10-03T19:46:57","date_gmt":"2016-10-03T19:46:57","guid":{"rendered":"http:\/\/aeroviarios.org.br\/?page_id=7293"},"modified":"2016-10-03T19:46:57","modified_gmt":"2016-10-03T19:46:57","slug":"halloween-2016-solte-suas-feras","status":"publish","type":"page","link":"https:\/\/aeroviarios.org.br\/index.php\/halloween-2016-solte-suas-feras\/","title":{"rendered":"Halloween 2016 &#8211; Solte suas feras!"},"content":{"rendered":"<p><img fetchpriority=\"high\" decoding=\"async\" class=\"alignnone size-full wp-image-7291 aligncenter\" src=\"https:\/\/aeroviarios.org.br\/novo\/wp-content\/uploads\/2016\/10\/14593272_615096568670739_391766354_n.jpg\" alt=\"14593272_615096568670739_391766354_n\" width=\"674\" height=\"960\" \/><\/p>\n<p>O Sindicato dos Aerovi\u00e1rios de Porto Alegre convida os associados para a festa de Halloween, que ser\u00e1 realizada em 28 de outubro (numa sexta-feira), \u00e0s 21 horas, na sede. Os convites estar\u00e3o dispon\u00edveis ainda esta semana, na Secretaria ou com os diretores sindicais, e a venda \u00e9 antecipada, no valor de R$ 10. O Sindicato pede a todos que participarem para doarem 1kg de alimento n\u00e3o perec\u00edvel, na entrada da festa. As doa\u00e7\u00f5es ser\u00e3o encaminhadas a uma entidade assistencial.<\/p>\n<p>Quem vier fantasiado, concorre a brindes. Participe e convide os colegas!<\/p>\n","protected":false},"excerpt":{"rendered":"<p>O Sindicato dos Aerovi\u00e1rios de Porto Alegre convida os associados para a festa de Halloween, que ser\u00e1 realizada em 28 de outubro (numa sexta-feira), \u00e0s 21 horas, na sede. Os convites estar\u00e3o dispon\u00edveis ainda esta semana, na Secretaria ou com os diretores sindicais, e a venda \u00e9 antecipada, no valor de R$ 10. O Sindicato<\/p>\n","protected":false},"author":2,"featured_media":0,"parent":0,"menu_order":0,"comment_status":"closed","ping_status":"closed","template":"","meta":{"footnotes":""},"class_list":["post-7293","page","type-page","status-publish"],"_links":{"self":[{"href":"https:\/\/aeroviarios.org.br\/index.php\/wp-json\/wp\/v2\/pages\/7293","targetHints":{"allow":["GET"]}}],"collection":[{"href":"https:\/\/aeroviarios.org.br\/index.php\/wp-json\/wp\/v2\/pages"}],"about":[{"href":"https:\/\/aeroviarios.org.br\/index.php\/wp-json\/wp\/v2\/types\/page"}],"author":[{"embeddable":true,"href":"https:\/\/aeroviarios.org.br\/index.php\/wp-json\/wp\/v2\/users\/2"}],"replies":[{"embeddable":true,"href":"https:\/\/aeroviarios.org.br\/index.php\/wp-json\/wp\/v2\/comments?post=7293"}],"version-history":[{"count":0,"href":"https:\/\/aeroviarios.org.br\/index.php\/wp-json\/wp\/v2\/pages\/7293\/revisions"}],"wp:attachment":[{"href":"https:\/\/aeroviarios.org.br\/index.php\/wp-json\/wp\/v2\/media?parent=7293"}],"curies":[{"name":"wp","href":"https:\/\/api.w.org\/{rel}","templated":true}]}}