{"id":6388,"date":"2016-04-24T03:29:34","date_gmt":"2016-04-24T03:29:34","guid":{"rendered":"http:\/\/aeroviarios.org.br\/novo\/?page_id=6388"},"modified":"2025-10-19T16:52:18","modified_gmt":"2025-10-19T19:52:18","slug":"multimidia","status":"publish","type":"page","link":"https:\/\/aeroviarios.org.br\/index.php\/multimidia\/","title":{"rendered":"Multim\u00eddia"},"content":{"rendered":"<p style=\"text-align: center;\"><strong>Canal no YouTube<\/strong><\/p>\n<p><img fetchpriority=\"high\" decoding=\"async\" class=\"aligncenter size-full wp-image-9369\" src=\"https:\/\/aeroviarios.org.br\/wp-content\/uploads\/2016\/04\/Untitled-1.png\" alt=\"\" width=\"400\" height=\"400\" \/><\/p>\n<p>Acessar o nosso canal no YouTube\u00a0<a href=\"https:\/\/www.youtube.com\/user\/aeropoa\" target=\"_blank\" rel=\"noopener\">clicando aqui<\/a>\u00a0te d\u00e1 acesso a v\u00eddeos produzidos pela entidade sindical com falas dos nossos diretores e com informa\u00e7\u00f5es sobre a categoria.<\/p>\n<p style=\"text-align: center;\"><strong>Galeria no Flickr<\/strong><\/p>\n<p><img decoding=\"async\" class=\"aligncenter size-full wp-image-9371\" src=\"https:\/\/aeroviarios.org.br\/wp-content\/uploads\/2016\/04\/Untitled-2.png\" alt=\"\" width=\"400\" height=\"400\" \/><\/p>\n<p>Nossa galeria digital no Flickr \u00e9 organizada por eventos. Cada \u00e1lbum em nossa p\u00e1gina corresponde a um evento organizado Sindicato ou com participa\u00e7\u00e3o da entidade e da categoria. Para acessar esta p\u00e1gina \u00e9 s\u00f3\u00a0<a href=\"https:\/\/www.flickr.com\/photos\/aeroviarios\/\" target=\"_blank\" rel=\"noopener\">clicar aqui<\/a>.<\/p>\n<p>&nbsp;<\/p>\n","protected":false},"excerpt":{"rendered":"<p>Canal no YouTube Acessar o nosso canal no YouTube\u00a0clicando aqui\u00a0te d\u00e1 acesso a v\u00eddeos produzidos pela entidade sindical com falas dos nossos diretores e com informa\u00e7\u00f5es sobre a categoria. Galeria no Flickr Nossa galeria digital no Flickr \u00e9 organizada por eventos. Cada \u00e1lbum em nossa p\u00e1gina corresponde a um evento organizado Sindicato ou com participa\u00e7\u00e3o<\/p>\n","protected":false},"author":2,"featured_media":0,"parent":0,"menu_order":0,"comment_status":"closed","ping_status":"closed","template":"","meta":{"footnotes":""},"class_list":["post-6388","page","type-page","status-publish"],"_links":{"self":[{"href":"https:\/\/aeroviarios.org.br\/index.php\/wp-json\/wp\/v2\/pages\/6388","targetHints":{"allow":["GET"]}}],"collection":[{"href":"https:\/\/aeroviarios.org.br\/index.php\/wp-json\/wp\/v2\/pages"}],"about":[{"href":"https:\/\/aeroviarios.org.br\/index.php\/wp-json\/wp\/v2\/types\/page"}],"author":[{"embeddable":true,"href":"https:\/\/aeroviarios.org.br\/index.php\/wp-json\/wp\/v2\/users\/2"}],"replies":[{"embeddable":true,"href":"https:\/\/aeroviarios.org.br\/index.php\/wp-json\/wp\/v2\/comments?post=6388"}],"version-history":[{"count":1,"href":"https:\/\/aeroviarios.org.br\/index.php\/wp-json\/wp\/v2\/pages\/6388\/revisions"}],"predecessor-version":[{"id":15024,"href":"https:\/\/aeroviarios.org.br\/index.php\/wp-json\/wp\/v2\/pages\/6388\/revisions\/15024"}],"wp:attachment":[{"href":"https:\/\/aeroviarios.org.br\/index.php\/wp-json\/wp\/v2\/media?parent=6388"}],"curies":[{"name":"wp","href":"https:\/\/api.w.org\/{rel}","templated":true}]}}