{"id":6367,"date":"2016-04-23T22:57:26","date_gmt":"2016-04-23T22:57:26","guid":{"rendered":"http:\/\/aeroviarios.org.br\/novo\/?page_id=6367"},"modified":"2025-10-19T16:34:14","modified_gmt":"2025-10-19T19:34:14","slug":"diretoria-2","status":"publish","type":"page","link":"https:\/\/aeroviarios.org.br\/index.php\/diretoria-2\/","title":{"rendered":"Diretoria"},"content":{"rendered":"<p><!DOCTYPE html><br \/>\n<html lang=\"pt-BR\"><br \/>\n<head><br \/>\n    <meta charset=\"UTF-8\"><br \/>\n    <meta name=\"viewport\" content=\"width=device-width, initial-scale=1.0\"><br \/>\n    <title>Diretoria do Sindicato<\/title><\/p>\n<style>\n        * {\n            margin: 0;\n            padding: 0;\n            box-sizing: border-box;\n        }<\/p>\n<p>        body {\n            font-family: 'Segoe UI', Tahoma, Geneva, Verdana, sans-serif;\n            background: linear-gradient(135deg, #667eea 0%, #764ba2 100%);\n            padding: 20px;\n            min-height: 100vh;\n        }<\/p>\n<p>        .container {\n            max-width: 1200px;\n            margin: 0 auto;\n            background: white;\n            border-radius: 20px;\n            overflow: hidden;\n            box-shadow: 0 20px 60px rgba(0,0,0,0.3);\n        }<\/p>\n<p>        .hero {<\/p>\n<p>            color: white;\n            padding: 50px 40px;\n            text-align: center;\n            position: relative;\n            overflow: hidden;\n        }<\/p>\n<p>        .hero::before {\n            content: '\ud83d\udc65';\n            position: absolute;\n            font-size: 180px;\n            opacity: 0.1;\n            top: 50%;\n            left: 50%;\n            transform: translate(-50%, -50%);\n        }<\/p>\n<p>        .hero h1 {\n            font-size: 2.5em;\n            margin-bottom: 15px;\n            position: relative;\n            z-index: 1;\n            font-weight: 700;\n        }<\/p>\n<p>        .hero-subtitle {\n            font-size: 1.1em;\n            font-weight: 300;\n            position: relative;\n            z-index: 1;\n            opacity: 0.9;\n        }<\/p>\n<p>        .content {\n            padding: 60px 40px;\n        }<\/p>\n<p>        .section {\n            margin-bottom: 60px;\n            background: #f8f9fa;\n            padding: 40px;\n            border-radius: 20px;\n            box-shadow: 0 5px 15px rgba(0,0,0,0.05);\n        }<\/p>\n<p>        .section-header {\n            display: flex;\n            align-items: center;\n            margin-bottom: 35px;\n            padding-bottom: 20px;\n            border-bottom: 3px solid;\n        }<\/p>\n<p>        .section-icon {\n            font-size: 3em;\n            margin-right: 20px;\n            filter: drop-shadow(2px 2px 4px rgba(0,0,0,0.1));\n        }<\/p>\n<p>        .section-title {\n            font-size: 2em;\n            font-weight: 700;\n            letter-spacing: -0.5px;\n        }<\/p>\n<p>        .role-badge {\n            display: inline-block;\n            padding: 5px 15px;\n            border-radius: 20px;\n            font-size: 0.75em;\n            margin-left: 15px;\n            font-weight: 600;\n            text-transform: uppercase;\n            letter-spacing: 0.5px;\n        }<\/p>\n<p>        .members-list {\n            background: white;\n            padding: 30px;\n            border-radius: 15px;\n            box-shadow: 0 3px 10px rgba(0,0,0,0.08);\n        }<\/p>\n<p>        .member-item {\n            padding: 15px 20px;\n            transition: all 0.3s ease;\n            border-left: 4px solid;\n            display: flex;\n            align-items: center;\n            gap: 15px;\n            border-bottom: 1px solid #f0f0f0;\n        }<\/p>\n<p>        .member-item:last-child {\n            border-bottom: none;\n        }<\/p>\n<p>        .member-item:hover {\n            background: #f8f9fa;\n            padding-left: 25px;\n        }<\/p>\n<p>        .member-avatar {\n            width: 50px;\n            height: 50px;\n            min-width: 50px;\n            border-radius: 50%;\n            display: flex;\n            align-items: center;\n            justify-content: center;\n            color: white;\n            font-size: 1.2em;\n            font-weight: bold;\n        }<\/p>\n<p>        .member-name {\n            font-size: 1.05em;\n            color: #333;\n            font-weight: 500;\n            line-height: 1.4;\n        }<\/p>\n<p>        \/* Cores por se\u00e7\u00e3o *\/\n        .executiva .section-header { border-color: #667eea; }\n        .executiva .section-title { color: #667eea; }\n        .executiva .role-badge { background: #667eea; color: white; }\n        .executiva .section-icon { color: #667eea; }\n        .executiva .member-item { border-left-color: #667eea; }\n        .executiva .member-avatar { background: linear-gradient(135deg, #667eea 0%, #764ba2 100%); }<\/p>\n<p>        .suplentes .section-header { border-color: #f093fb; }\n        .suplentes .section-title { color: #f093fb; }\n        .suplentes .role-badge { background: #f093fb; color: white; }\n        .suplentes .section-icon { color: #f093fb; }\n        .suplentes .member-item { border-left-color: #f093fb; }\n        .suplentes .member-avatar { background: linear-gradient(135deg, #f093fb 0%, #f5576c 100%); }<\/p>\n<p>        .fiscal .section-header { border-color: #4facfe; }\n        .fiscal .section-title { color: #4facfe; }\n        .fiscal .role-badge { background: #4facfe; color: white; }\n        .fiscal .section-icon { color: #4facfe; }\n        .fiscal .member-item { border-left-color: #4facfe; }\n        .fiscal .member-avatar { background: linear-gradient(135deg, #4facfe 0%, #00f2fe 100%); }<\/p>\n<p>        .superior .section-header { border-color: #43e97b; }\n        .superior .section-title { color: #43e97b; }\n        .superior .role-badge { background: #43e97b; color: white; }\n        .superior .section-icon { color: #43e97b; }\n        .superior .member-item { border-left-color: #43e97b; }\n        .superior .member-avatar { background: linear-gradient(135deg, #43e97b 0%, #38f9d7 100%); }<\/p>\n<p>        .delegados .section-header { border-color: #fa709a; }\n        .delegados .section-title { color: #fa709a; }\n        .delegados .role-badge { background: #fa709a; color: white; }\n        .delegados .section-icon { color: #fa709a; }\n        .delegados .member-item { border-left-color: #fa709a; }\n        .delegados .member-avatar { background: linear-gradient(135deg, #fa709a 0%, #fee140 100%); }<\/p>\n<p>        @media (max-width: 768px) {\n            .hero {\n                padding: 40px 20px;\n            }<\/p>\n<p>            .hero h1 {\n                font-size: 1.8em;\n            }<\/p>\n<p>            .content {\n                padding: 40px 20px;\n            }<\/p>\n<p>            .section {\n                padding: 30px 20px;\n            }<\/p>\n<p>            .section-title {\n                font-size: 1.5em;\n            }<\/p>\n<p>            .members-list {\n                grid-template-columns: 1fr;\n            }<\/p>\n<p>            .role-badge {\n                display: block;\n                margin-left: 0;\n                margin-top: 10px;\n                width: fit-content;\n            }\n        }<\/p>\n<p>        @media (max-width: 480px) {\n            .section-header {\n                flex-direction: column;\n                text-align: center;\n                align-items: center;\n            }<\/p>\n<p>            .section-icon {\n                margin-right: 0;\n                margin-bottom: 10px;\n            }<\/p>\n<p>            .member-item {\n                flex-direction: column;\n                text-align: center;\n            }\n        }\n    <\/style>\n<p><\/head><br \/>\n<body><\/p>\n<div class=\"container\">\n<div class=\"hero\">\n<h1>Nossa Diretoria<\/h1>\n<p class=\"hero-subtitle\">Conhe\u00e7a os representantes eleitos que trabalham pela categoria<\/p>\n<\/div>\n<div class=\"content\">\n            <!-- Diretoria Executiva --><\/p>\n<div class=\"section executiva\">\n<div class=\"section-header\">\n                    <span class=\"section-icon\">\u2b50<\/span><\/p>\n<div>\n<h2 class=\"section-title\">Diretoria Executiva<\/h2>\n<p><span class=\"role-badge\">8 Membros<\/span><\/div>\n<\/div>\n<div class=\"members-list\">\n<div class=\"member-item\">\n<div class=\"member-avatar\">CK<\/div>\n<div class=\"member-name\">Celso Andr\u00e9 Klafke<\/div>\n<\/div>\n<div class=\"member-item\">\n<div class=\"member-avatar\">OR<\/div>\n<div class=\"member-name\">Osvaldo de \u00c1vila Rodrigues<\/div>\n<\/div>\n<div class=\"member-item\">\n<div class=\"member-avatar\">MF<\/div>\n<div class=\"member-name\">Marcos Andr\u00e9 Fortes<\/div>\n<\/div>\n<div class=\"member-item\">\n<div class=\"member-avatar\">LM<\/div>\n<div class=\"member-name\">Leonel Leandro Soares Montezana<\/div>\n<\/div>\n<div class=\"member-item\">\n<div class=\"member-avatar\">JA<\/div>\n<div class=\"member-name\">Jos\u00e9 Juarez Azeredo Filho<\/div>\n<\/div>\n<div class=\"member-item\">\n<div class=\"member-avatar\">MV<\/div>\n<div class=\"member-name\">Melissa Paim de Vargas<\/div>\n<\/div>\n<div class=\"member-item\">\n<div class=\"member-avatar\">DC<\/div>\n<div class=\"member-name\">D\u00eanis Ramalho Chaves<\/div>\n<\/div>\n<div class=\"member-item\">\n<div class=\"member-avatar\">LL<\/div>\n<div class=\"member-name\">Leandro Lizotte<\/div>\n<\/div>\n<\/div>\n<\/div>\n<p><!-- Diretores Suplentes --><\/p>\n<div class=\"section suplentes\">\n<div class=\"section-header\">\n                    <span class=\"section-icon\">\ud83d\udd04<\/span><\/p>\n<div>\n<h2 class=\"section-title\">Diretores Suplentes<\/h2>\n<p><span class=\"role-badge\">9 Membros<\/span><\/div>\n<\/div>\n<div class=\"members-list\">\n<div class=\"member-item\">\n<div class=\"member-avatar\">AS<\/div>\n<div class=\"member-name\">Alexandre Silveira<\/div>\n<\/div>\n<div class=\"member-item\">\n<div class=\"member-avatar\">CS<\/div>\n<div class=\"member-name\">Caroline Barros da Silva<\/div>\n<\/div>\n<div class=\"member-item\">\n<div class=\"member-avatar\">DS<\/div>\n<div class=\"member-name\">Daiane Vidaleti Santos<\/div>\n<\/div>\n<div class=\"member-item\">\n<div class=\"member-avatar\">SR<\/div>\n<div class=\"member-name\">Simone de Oliveira da Rosa<\/div>\n<\/div>\n<div class=\"member-item\">\n<div class=\"member-avatar\">CR<\/div>\n<div class=\"member-name\">Camila Fernandes Ribeiro<\/div>\n<\/div>\n<div class=\"member-item\">\n<div class=\"member-avatar\">FG<\/div>\n<div class=\"member-name\">Fernando Ant\u00f4nio Gluszczak<\/div>\n<\/div>\n<div class=\"member-item\">\n<div class=\"member-avatar\">CG<\/div>\n<div class=\"member-name\">Cesar de Souza Girardi<\/div>\n<\/div>\n<div class=\"member-item\">\n<div class=\"member-avatar\">ES<\/div>\n<div class=\"member-name\">Edmilson Fraga da Silva<\/div>\n<\/div>\n<div class=\"member-item\">\n<div class=\"member-avatar\">LR<\/div>\n<div class=\"member-name\">Laci Cardoso Rolim<\/div>\n<\/div>\n<\/div>\n<\/div>\n<p><!-- Conselho Fiscal --><\/p>\n<div class=\"section fiscal\">\n<div class=\"section-header\">\n                    <span class=\"section-icon\">\ud83d\udcca<\/span><\/p>\n<div>\n<h2 class=\"section-title\">Conselho Fiscal<\/h2>\n<p><span class=\"role-badge\">6 Membros<\/span><\/div>\n<\/div>\n<div class=\"members-list\">\n<div class=\"member-item\">\n<div class=\"member-avatar\">PR<\/div>\n<div class=\"member-name\">Paulo Rodolfo Pacheco Ribeiro<\/div>\n<\/div>\n<div class=\"member-item\">\n<div class=\"member-avatar\">EF<\/div>\n<div class=\"member-name\">Elisabete Brum Faria<\/div>\n<\/div>\n<div class=\"member-item\">\n<div class=\"member-avatar\">RC<\/div>\n<div class=\"member-name\">Ronaldo Maciel da Cruz<\/div>\n<\/div>\n<div class=\"member-item\">\n<div class=\"member-avatar\">CK<\/div>\n<div class=\"member-name\">Carlos Rodolfo Kramm<\/div>\n<\/div>\n<div class=\"member-item\">\n<div class=\"member-avatar\">CL<\/div>\n<div class=\"member-name\">Claudia Elizabete Veras Louro<\/div>\n<\/div>\n<div class=\"member-item\">\n<div class=\"member-avatar\">MS<\/div>\n<div class=\"member-name\">Maria In\u00eas Ghedin de Souza<\/div>\n<\/div>\n<\/div>\n<\/div>\n<p><!-- Representantes em Grau Superior --><\/p>\n<div class=\"section superior\">\n<div class=\"section-header\">\n                    <span class=\"section-icon\">\ud83c\udfaf<\/span><\/p>\n<div>\n<h2 class=\"section-title\">Representantes em Grau Superior<\/h2>\n<p><span class=\"role-badge\">4 Membros<\/span><\/div>\n<\/div>\n<div class=\"members-list\">\n<div class=\"member-item\">\n<div class=\"member-avatar\">GG<\/div>\n<div class=\"member-name\">Gabriel Os\u00f3rio Fernandes Gomes<\/div>\n<\/div>\n<div class=\"member-item\">\n<div class=\"member-avatar\">ES<\/div>\n<div class=\"member-name\">Erny Scherer<\/div>\n<\/div>\n<div class=\"member-item\">\n<div class=\"member-avatar\">AF<\/div>\n<div class=\"member-name\">Andr\u00e9 Fritsch Fernandes<\/div>\n<\/div>\n<div class=\"member-item\">\n<div class=\"member-avatar\">JF<\/div>\n<div class=\"member-name\">Joceli Mauro Dias Figueir\u00f3<\/div>\n<\/div>\n<\/div>\n<\/div>\n<p><!-- Delegados --><\/p>\n<div class=\"section delegados\">\n<div class=\"section-header\">\n                    <span class=\"section-icon\">\ud83e\udd1d<\/span><\/p>\n<div>\n<h2 class=\"section-title\">Delegados<\/h2>\n<p><span class=\"role-badge\">10 Membros<\/span><\/div>\n<\/div>\n<div class=\"members-list\">\n<div class=\"member-item\">\n<div class=\"member-avatar\">RG<\/div>\n<div class=\"member-name\">Rodrigo Kwiatkowski Gon\u00e7alves<\/div>\n<\/div>\n<div class=\"member-item\">\n<div class=\"member-avatar\">ER<\/div>\n<div class=\"member-name\">Evandro Silveira Redante<\/div>\n<\/div>\n<div class=\"member-item\">\n<div class=\"member-avatar\">AS<\/div>\n<div class=\"member-name\">Adalberto Ramos de Souza<\/div>\n<\/div>\n<div class=\"member-item\">\n<div class=\"member-avatar\">FS<\/div>\n<div class=\"member-name\">Fabricio Souza da Silva<\/div>\n<\/div>\n<div class=\"member-item\">\n<div class=\"member-avatar\">EB<\/div>\n<div class=\"member-name\">Eduardo de Oliveira Bobsin<\/div>\n<\/div>\n<div class=\"member-item\">\n<div class=\"member-avatar\">JN<\/div>\n<div class=\"member-name\">Jo\u00e3o Ant\u00f4nio Ribeiro Neto<\/div>\n<\/div>\n<div class=\"member-item\">\n<div class=\"member-avatar\">LR<\/div>\n<div class=\"member-name\">Liana da Silva Rodrigues<\/div>\n<\/div>\n<div class=\"member-item\">\n<div class=\"member-avatar\">GP<\/div>\n<div class=\"member-name\">Geferson de Oliveira Padilha<\/div>\n<\/div>\n<div class=\"member-item\">\n<div class=\"member-avatar\">GS<\/div>\n<div class=\"member-name\">Giliardi Anderson Vicente dos Santos<\/div>\n<\/div>\n<div class=\"member-item\">\n<div class=\"member-avatar\">DC<\/div>\n<div class=\"member-name\">Daniela Lencina Lopes Correa<\/div>\n<\/div>\n<\/div>\n<\/div>\n<\/div>\n<\/div>\n<p><\/body><br \/>\n<\/html><\/p>\n","protected":false},"excerpt":{"rendered":"<p>Diretoria do Sindicato Nossa Diretoria Conhe\u00e7a os representantes eleitos que trabalham pela categoria \u2b50 Diretoria Executiva 8 Membros CK Celso Andr\u00e9 Klafke OR Osvaldo de \u00c1vila Rodrigues MF Marcos Andr\u00e9 Fortes LM Leonel Leandro Soares Montezana JA Jos\u00e9 Juarez Azeredo Filho MV Melissa Paim de Vargas DC D\u00eanis Ramalho Chaves LL Leandro Lizotte \ud83d\udd04 Diretores<\/p>\n","protected":false},"author":2,"featured_media":0,"parent":0,"menu_order":0,"comment_status":"closed","ping_status":"closed","template":"","meta":{"footnotes":""},"class_list":["post-6367","page","type-page","status-publish"],"_links":{"self":[{"href":"https:\/\/aeroviarios.org.br\/index.php\/wp-json\/wp\/v2\/pages\/6367","targetHints":{"allow":["GET"]}}],"collection":[{"href":"https:\/\/aeroviarios.org.br\/index.php\/wp-json\/wp\/v2\/pages"}],"about":[{"href":"https:\/\/aeroviarios.org.br\/index.php\/wp-json\/wp\/v2\/types\/page"}],"author":[{"embeddable":true,"href":"https:\/\/aeroviarios.org.br\/index.php\/wp-json\/wp\/v2\/users\/2"}],"replies":[{"embeddable":true,"href":"https:\/\/aeroviarios.org.br\/index.php\/wp-json\/wp\/v2\/comments?post=6367"}],"version-history":[{"count":1,"href":"https:\/\/aeroviarios.org.br\/index.php\/wp-json\/wp\/v2\/pages\/6367\/revisions"}],"predecessor-version":[{"id":15009,"href":"https:\/\/aeroviarios.org.br\/index.php\/wp-json\/wp\/v2\/pages\/6367\/revisions\/15009"}],"wp:attachment":[{"href":"https:\/\/aeroviarios.org.br\/index.php\/wp-json\/wp\/v2\/media?parent=6367"}],"curies":[{"name":"wp","href":"https:\/\/api.w.org\/{rel}","templated":true}]}}