{"id":5038,"date":"2015-01-29T14:16:24","date_gmt":"2015-01-29T16:16:24","guid":{"rendered":"http:\/\/aeroviarios.org.br\/?page_id=5038"},"modified":"2015-01-29T14:16:24","modified_gmt":"2015-01-29T16:16:24","slug":"retratacao","status":"publish","type":"page","link":"https:\/\/aeroviarios.org.br\/index.php\/retratacao\/","title":{"rendered":"Retrata\u00e7\u00e3o"},"content":{"rendered":"<p>O Sindicato dos Aerovi\u00e1rios de Porto Alegre, em cumprimento \u00e0 senten\u00e7a exarada pelo Exmo. Sr. Juiz de Direito da MM. 2\u00aa Vara C\u00edvel do Foro Regional do 4\u00ba Distrito da Comarca de Porto Alegre, Dr. La\u00e9rcio Luiz Sulczinski, no processo n\u00ba 001\/1.12.0071803, vem, pela presente, RETRATAR-SE perante o Dr. Eduardo Zippin Knijnik e perante toda a categoria aerovi\u00e1ria, das not\u00edcias veiculadas no \u201csite\u201d deste sindicato, bem como no \u201cAerofolha\u201d, em 22.03.12, a respeito da conduta profissional do Dr. Eduardo Zippin Knijnik, solicitando sejam as mesmas desconsideradas, a par de se desculpar, publicamente, com o Dr. Eduardo Zippin Knijnik, por alguma ofensa ou mal estar que aquelas lhe tenham acarretado.<\/p>\n<p>Porto Alegre, 28 de janeiro de 2015.<\/p>\n<p>Sindicato dos Aerovi\u00e1rios de Porto Alegre<\/p>\n<p>C\u00e9sar de Souza Gerardi &#8211; Presidente<\/p>\n","protected":false},"excerpt":{"rendered":"<p>O Sindicato dos Aerovi\u00e1rios de Porto Alegre, em cumprimento \u00e0 senten\u00e7a exarada pelo Exmo. Sr. Juiz de Direito da MM. 2\u00aa Vara C\u00edvel do Foro Regional do 4\u00ba Distrito da Comarca de Porto Alegre, Dr. La\u00e9rcio Luiz Sulczinski, no processo n\u00ba 001\/1.12.0071803, vem, pela presente, RETRATAR-SE perante o Dr. Eduardo Zippin Knijnik e perante toda<\/p>\n","protected":false},"author":5,"featured_media":0,"parent":0,"menu_order":0,"comment_status":"closed","ping_status":"open","template":"","meta":{"footnotes":""},"class_list":["post-5038","page","type-page","status-publish"],"_links":{"self":[{"href":"https:\/\/aeroviarios.org.br\/index.php\/wp-json\/wp\/v2\/pages\/5038","targetHints":{"allow":["GET"]}}],"collection":[{"href":"https:\/\/aeroviarios.org.br\/index.php\/wp-json\/wp\/v2\/pages"}],"about":[{"href":"https:\/\/aeroviarios.org.br\/index.php\/wp-json\/wp\/v2\/types\/page"}],"author":[{"embeddable":true,"href":"https:\/\/aeroviarios.org.br\/index.php\/wp-json\/wp\/v2\/users\/5"}],"replies":[{"embeddable":true,"href":"https:\/\/aeroviarios.org.br\/index.php\/wp-json\/wp\/v2\/comments?post=5038"}],"version-history":[{"count":0,"href":"https:\/\/aeroviarios.org.br\/index.php\/wp-json\/wp\/v2\/pages\/5038\/revisions"}],"wp:attachment":[{"href":"https:\/\/aeroviarios.org.br\/index.php\/wp-json\/wp\/v2\/media?parent=5038"}],"curies":[{"name":"wp","href":"https:\/\/api.w.org\/{rel}","templated":true}]}}