{"id":3831,"date":"2014-02-24T14:45:31","date_gmt":"2014-02-24T14:45:31","guid":{"rendered":"http:\/\/aeroviarios.org.br\/novo\/?page_id=3831"},"modified":"2014-02-24T14:45:31","modified_gmt":"2014-02-24T14:45:31","slug":"filie-se","status":"publish","type":"page","link":"https:\/\/aeroviarios.org.br\/index.php\/filie-se\/","title":{"rendered":"Filie-se"},"content":{"rendered":"<p><strong>Aerovi\u00e1rio(a): Filie-se e fortale\u00e7a o seu sindicato<\/strong><\/p>\n<p>Dadas as restri\u00e7\u00f5es durante a pandemia do novo coronav\u00edrus (COVID-19), o aerovi\u00e1rio que tiver interesse em filiar-se deve entrar em contato com a entidade via telefone. Os atendimentos est\u00e3o sendo realizados atrav\u00e9s de dois n\u00fameros, (51) 98162-9721 e (51) 9836-5603.<br \/>\n<strong><br \/>\n<\/strong>Com o restabelecimento da normalidade dos servi\u00e7os, o Sindicato voltar\u00e1 a filiar os trabalhadores em sua sede.<\/p>\n","protected":false},"excerpt":{"rendered":"<p>Aerovi\u00e1rio(a): Filie-se e fortale\u00e7a o seu sindicato Dadas as restri\u00e7\u00f5es durante a pandemia do novo coronav\u00edrus (COVID-19), o aerovi\u00e1rio que tiver interesse em filiar-se deve entrar em contato com a entidade via telefone. Os atendimentos est\u00e3o sendo realizados atrav\u00e9s de dois n\u00fameros, (51) 98162-9721 e (51) 9836-5603. Com o restabelecimento da normalidade dos servi\u00e7os, o<\/p>\n","protected":false},"author":2,"featured_media":0,"parent":0,"menu_order":0,"comment_status":"closed","ping_status":"open","template":"","meta":{"footnotes":""},"class_list":["post-3831","page","type-page","status-publish"],"_links":{"self":[{"href":"https:\/\/aeroviarios.org.br\/index.php\/wp-json\/wp\/v2\/pages\/3831","targetHints":{"allow":["GET"]}}],"collection":[{"href":"https:\/\/aeroviarios.org.br\/index.php\/wp-json\/wp\/v2\/pages"}],"about":[{"href":"https:\/\/aeroviarios.org.br\/index.php\/wp-json\/wp\/v2\/types\/page"}],"author":[{"embeddable":true,"href":"https:\/\/aeroviarios.org.br\/index.php\/wp-json\/wp\/v2\/users\/2"}],"replies":[{"embeddable":true,"href":"https:\/\/aeroviarios.org.br\/index.php\/wp-json\/wp\/v2\/comments?post=3831"}],"version-history":[{"count":0,"href":"https:\/\/aeroviarios.org.br\/index.php\/wp-json\/wp\/v2\/pages\/3831\/revisions"}],"wp:attachment":[{"href":"https:\/\/aeroviarios.org.br\/index.php\/wp-json\/wp\/v2\/media?parent=3831"}],"curies":[{"name":"wp","href":"https:\/\/api.w.org\/{rel}","templated":true}]}}