{"id":14962,"date":"2025-10-19T15:47:59","date_gmt":"2025-10-19T18:47:59","guid":{"rendered":"https:\/\/aeroviarios.org.br\/novo\/?page_id=14962"},"modified":"2025-11-17T10:49:29","modified_gmt":"2025-11-17T13:49:29","slug":"nossa-historia","status":"publish","type":"page","link":"https:\/\/aeroviarios.org.br\/index.php\/nossa-historia\/","title":{"rendered":"Nossa Hist\u00f3ria"},"content":{"rendered":"\n<h2 class=\"wp-block-heading\"><strong>\ud83d\udccc 1985 \u2014 Funda\u00e7\u00e3o<\/strong><\/h2>\n\n\n\n<ul class=\"wp-block-list\">\n<li>Em 27 de maio nasce a <strong>Associa\u00e7\u00e3o Profissional dos Trabalhadores Aerovi\u00e1rios de Porto Alegre<\/strong>, marco inicial da organiza\u00e7\u00e3o da categoria no Estado.<\/li>\n\n\n\n<li>Surge num per\u00edodo de redemocratiza\u00e7\u00e3o e reorganiza\u00e7\u00e3o sindical no Brasil.<\/li>\n<\/ul>\n\n\n\n<hr class=\"wp-block-separator has-alpha-channel-opacity\"\/>\n\n\n\n<h2 class=\"wp-block-heading\"><strong>\ud83d\udccc 1987 \u2014 Transforma\u00e7\u00e3o em Sindicato e 1\u00aa grande greve<\/strong><\/h2>\n\n\n\n<ul class=\"wp-block-list\">\n<li>A Associa\u00e7\u00e3o se transforma oficialmente em <strong>Sindicato dos Aerovi\u00e1rios de Porto Alegre<\/strong>.<\/li>\n\n\n\n<li>A categoria realiza sua <strong>primeira greve significativa<\/strong>, apoiada pela base operacional do Aeroporto Salgado Filho e dos hangares de manuten\u00e7\u00e3o.<\/li>\n\n\n\n<li>Cria\u00e7\u00e3o do <strong>\u201cCaf\u00e9 no P\u00e1tio\u201d<\/strong>, a\u00e7\u00e3o que aproxima dirigentes e trabalhadores nas \u00e1reas operacionais.<\/li>\n<\/ul>\n\n\n\n<hr class=\"wp-block-separator has-alpha-channel-opacity\"\/>\n\n\n\n<h2 class=\"wp-block-heading\"><strong>\ud83d\udccc 1989 \u2014 Filia\u00e7\u00e3o \u00e0 CUT<\/strong><\/h2>\n\n\n\n<ul class=\"wp-block-list\">\n<li>O sindicato passa a integrar a <strong>Central \u00danica dos Trabalhadores<\/strong> (CUT), fortalecendo sua articula\u00e7\u00e3o nas mobiliza\u00e7\u00f5es nacionais.<\/li>\n\n\n\n<li>Inicia participa\u00e7\u00e3o ativa nas campanhas salariais nacionais dos aerovi\u00e1rios e aeronautas.<\/li>\n<\/ul>\n\n\n\n<hr class=\"wp-block-separator has-alpha-channel-opacity\"\/>\n\n\n\n<h2 class=\"wp-block-heading\"><strong>\ud83d\udccc Anos 1990 \u2014 Crises e reorganiza\u00e7\u00e3o do setor a\u00e9reo<\/strong><\/h2>\n\n\n\n<ul class=\"wp-block-list\">\n<li>O sindicato atua fortemente em negocia\u00e7\u00f5es coletivas durante instabilidades econ\u00f4micas do in\u00edcio da d\u00e9cada.<\/li>\n\n\n\n<li>Em 1996\u20131999, intensifica a\u00e7\u00f5es contra demiss\u00f5es e reestrutura\u00e7\u00f5es em empresas como Varig, TAM e VASP.<\/li>\n<\/ul>\n\n\n\n<hr class=\"wp-block-separator has-alpha-channel-opacity\"\/>\n\n\n\n<h2 class=\"wp-block-heading\"><strong>\ud83d\udccc In\u00edcio dos anos 2000 \u2014 Crise da Varig e defesa dos trabalhadores<\/strong><\/h2>\n\n\n\n<ul class=\"wp-block-list\">\n<li>A fal\u00eancia da Varig (2001\u20132006) mobiliza o Sindicato em defesa de milhares de aerovi\u00e1rios.<\/li>\n\n\n\n<li>A\u00e7\u00f5es coletivas reivindicam:\n<ul class=\"wp-block-list\">\n<li>pagamentos de sal\u00e1rios atrasados;<\/li>\n\n\n\n<li>garantia de indeniza\u00e7\u00f5es;<\/li>\n\n\n\n<li>manuten\u00e7\u00e3o de benef\u00edcios.<\/li>\n<\/ul>\n<\/li>\n\n\n\n<li>O Sindicato se torna refer\u00eancia nacional na defesa de ex-trabalhadores da empresa Varig.<\/li>\n<\/ul>\n\n\n\n<hr class=\"wp-block-separator has-alpha-channel-opacity\"\/>\n\n\n\n<h2 class=\"wp-block-heading\"><strong>\ud83d\udccc 2005 \u2014 20 anos do Sindicato<\/strong><\/h2>\n\n\n\n<ul class=\"wp-block-list\">\n<li>Marca duas d\u00e9cadas de organiza\u00e7\u00e3o, com eventos comemorativos e balan\u00e7o das conquistas.<\/li>\n\n\n\n<li>\u00canfase na preserva\u00e7\u00e3o de direitos durante as grandes crises do setor a\u00e9reo em tempos de instabilidade econ\u00f4mica.<\/li>\n<\/ul>\n\n\n\n<hr class=\"wp-block-separator has-alpha-channel-opacity\"\/>\n\n\n\n<h2 class=\"wp-block-heading\"><strong>\ud83d\udccc 2010\u20132016 \u2014 Reestrutura\u00e7\u00e3o e vit\u00f3rias jur\u00eddicas<\/strong><\/h2>\n\n\n\n<ul class=\"wp-block-list\">\n<li>Diversas a\u00e7\u00f5es coletivas importantes s\u00e3o vencidas:\n<ul class=\"wp-block-list\">\n<li><strong>Adicional de periculosidade<\/strong> para mec\u00e2nicos e setores da manuten\u00e7\u00e3o;<\/li>\n\n\n\n<li>Processos de cr\u00e9ditos trabalhistas de ex-Varig come\u00e7am a ser liberados.<\/li>\n<\/ul>\n<\/li>\n\n\n\n<li>O Sindicato moderniza canais de comunica\u00e7\u00e3o.<\/li>\n<\/ul>\n\n\n\n<hr class=\"wp-block-separator has-alpha-channel-opacity\"\/>\n\n\n\n<h2 class=\"wp-block-heading\"><strong>\ud83d\udccc 2017\u20132019 \u2014 Press\u00e3o sobre reformas trabalhistas<\/strong><\/h2>\n\n\n\n<ul class=\"wp-block-list\">\n<li>Mobiliza\u00e7\u00e3o contra a <strong>Reforma Trabalhista de 2017<\/strong>, defendendo direitos fundamentais para os trabalhadores.<\/li>\n\n\n\n<li>Fortalece campanhas salariais mesmo em cen\u00e1rio adverso criado por governos que ca\u00e7am direitos dos trabalhadores.<\/li>\n<\/ul>\n\n\n\n<hr class=\"wp-block-separator has-alpha-channel-opacity\"\/>\n\n\n\n<h2 class=\"wp-block-heading\"><strong>\ud83d\udccc 2020\u20132021 \u2014 Pandemia de Covid-19<\/strong><\/h2>\n\n\n\n<ul class=\"wp-block-list\">\n<li>Atua\u00e7\u00e3o central para preservar empregos em meio ao colapso das opera\u00e7\u00f5es no pa\u00eds.<\/li>\n\n\n\n<li>Negocia\u00e7\u00f5es para:\n<ul class=\"wp-block-list\">\n<li>manuten\u00e7\u00e3o de sal\u00e1rios;<\/li>\n\n\n\n<li>garantia de estabilidade.<\/li>\n<\/ul>\n<\/li>\n\n\n\n<li>Apoio assistencial aos trabalhadores durante todo esse complicado per\u00edodo.<\/li>\n<\/ul>\n\n\n\n<hr class=\"wp-block-separator has-alpha-channel-opacity\"\/>\n\n\n\n<h2 class=\"wp-block-heading\"><strong>\ud83d\udccc 2022\u20132023 \u2014 Retomada e recomposi\u00e7\u00e3o de perdas<\/strong><\/h2>\n\n\n\n<ul class=\"wp-block-list\">\n<li>Reorganiza\u00e7\u00e3o das bases ap\u00f3s pandemia.<\/li>\n\n\n\n<li>Intensifica\u00e7\u00e3o das negocia\u00e7\u00f5es para recuperar perdas inflacion\u00e1rias.<\/li>\n\n\n\n<li>Fortalecimento do trabalho com empresas aerovi\u00e1rias terceirizada.<\/li>\n<\/ul>\n\n\n\n<hr class=\"wp-block-separator has-alpha-channel-opacity\"\/>\n\n\n\n<h2 class=\"wp-block-heading\"><strong>\ud83d\udccc 2024 \u2014 Enchentes hist\u00f3ricas e paralisa\u00e7\u00e3o completa do aeroporto<\/strong><\/h2>\n\n\n\n<ul class=\"wp-block-list\">\n<li>O Aeroporto Salgado Filho fica <strong>totalmente alagado e fechado por meses<\/strong>.<\/li>\n\n\n\n<li>O Sindicato atua fortemente para:\n<ul class=\"wp-block-list\">\n<li>garantir sal\u00e1rios durante a paralisa\u00e7\u00e3o,<\/li>\n\n\n\n<li>evitar demiss\u00f5es em massa,<\/li>\n\n\n\n<li>orientar trabalhadores removidos ou realocados para outros aeroportos,<\/li>\n\n\n\n<li>acompanhar negocia\u00e7\u00f5es com empresas afetadas.<\/li>\n<\/ul>\n<\/li>\n\n\n\n<li>A\u00e7\u00f5es de solidariedade para aerovi\u00e1rios que perderam casas e bens, com doa\u00e7\u00e3o assistencial significativa para os s\u00f3cios da entidade.<\/li>\n<\/ul>\n\n\n\n<hr class=\"wp-block-separator has-alpha-channel-opacity\"\/>\n\n\n\n<h2 class=\"wp-block-heading\"><strong>\ud83d\udccc 2025 \u2014 40 anos de hist\u00f3ria<\/strong><\/h2>\n\n\n\n<ul class=\"wp-block-list\">\n<li>O Sindicato celebra <strong>quatro d\u00e9cadas de exist\u00eancia<\/strong>, com atos, atividades e resgate da mem\u00f3ria da categoria.<\/li>\n\n\n\n<li>A pauta de 2025 inclui:\n<ul class=\"wp-block-list\">\n<li>estabilidade no retorno das opera\u00e7\u00f5es no p\u00f3s-enchente;<\/li>\n\n\n\n<li>amplia\u00e7\u00e3o de direitos para terceirizados.<\/li>\n<\/ul>\n<\/li>\n<\/ul>\n","protected":false},"excerpt":{"rendered":"<p>\ud83d\udccc 1985 \u2014 Funda\u00e7\u00e3o \ud83d\udccc 1987 \u2014 Transforma\u00e7\u00e3o em Sindicato e 1\u00aa grande greve \ud83d\udccc 1989 \u2014 Filia\u00e7\u00e3o \u00e0 CUT \ud83d\udccc Anos 1990 \u2014 Crises e reorganiza\u00e7\u00e3o do setor a\u00e9reo \ud83d\udccc In\u00edcio dos anos 2000 \u2014 Crise da Varig e defesa dos trabalhadores \ud83d\udccc 2005 \u2014 20 anos do Sindicato \ud83d\udccc 2010\u20132016 \u2014 Reestrutura\u00e7\u00e3o e<\/p>\n","protected":false},"author":1,"featured_media":0,"parent":0,"menu_order":0,"comment_status":"closed","ping_status":"closed","template":"","meta":{"footnotes":""},"class_list":["post-14962","page","type-page","status-publish"],"_links":{"self":[{"href":"https:\/\/aeroviarios.org.br\/index.php\/wp-json\/wp\/v2\/pages\/14962","targetHints":{"allow":["GET"]}}],"collection":[{"href":"https:\/\/aeroviarios.org.br\/index.php\/wp-json\/wp\/v2\/pages"}],"about":[{"href":"https:\/\/aeroviarios.org.br\/index.php\/wp-json\/wp\/v2\/types\/page"}],"author":[{"embeddable":true,"href":"https:\/\/aeroviarios.org.br\/index.php\/wp-json\/wp\/v2\/users\/1"}],"replies":[{"embeddable":true,"href":"https:\/\/aeroviarios.org.br\/index.php\/wp-json\/wp\/v2\/comments?post=14962"}],"version-history":[{"count":6,"href":"https:\/\/aeroviarios.org.br\/index.php\/wp-json\/wp\/v2\/pages\/14962\/revisions"}],"predecessor-version":[{"id":15187,"href":"https:\/\/aeroviarios.org.br\/index.php\/wp-json\/wp\/v2\/pages\/14962\/revisions\/15187"}],"wp:attachment":[{"href":"https:\/\/aeroviarios.org.br\/index.php\/wp-json\/wp\/v2\/media?parent=14962"}],"curies":[{"name":"wp","href":"https:\/\/api.w.org\/{rel}","templated":true}]}}