{"id":14855,"date":"2025-10-19T11:20:26","date_gmt":"2025-10-19T14:20:26","guid":{"rendered":"http:\/\/somarmidia@gmail.com"},"modified":"2026-04-09T10:15:07","modified_gmt":"2026-04-09T13:15:07","slug":"outros-convenios","status":"publish","type":"page","link":"https:\/\/aeroviarios.org.br\/index.php\/convenios-2\/outros-convenios\/","title":{"rendered":"Outros"},"content":{"rendered":"<h2><span style=\"text-decoration: underline;\"><strong>Alimenta\u00e7\u00e3o<\/strong><\/span><\/h2>\n<p>Rua Edu Chaves, 557<br \/>\n(51) 3026-4164<br \/>\nEntrega gr\u00e1tis em pedidos iguais ou maiores do que R$ 50.<\/p>\n<h2><span style=\"text-decoration: underline;\"><strong>\u00d3tica<\/strong><\/span><\/h2>\n<p><strong>Vision \u00f3tica<\/strong><br \/>\nRua General Vitorino, 169 \u2013 Centro Hist\u00f3rico, Porto Alegre.<br \/>\nDescontos de at\u00e9 20% e parcelamento em at\u00e9 15x no cart\u00e3o.<\/p>\n<h2><strong><span style=\"text-decoration: underline;\">Cursos e Escolas<\/span><\/strong><\/h2>\n<p><em><strong>Aerosul<\/strong><\/em><br \/>\nAv. J\u00falio de Castilhos, 159 &#8211; Centro Hist\u00f3rico, Porto Alegre<br \/>\n(51) 3225-7547<br \/>\n<a href=\"https:\/\/www.facebook.com\/Aerosul\/\">Facebook<br \/>\n<\/a>Descontos no curso para Comiss\u00e1rios de Voo e no simulador de voo<\/p>\n<p><em><strong>Escola T\u00e9cnica Jos\u00e9 Carlos de Mesquita<br \/>\n<\/strong><\/em>Av. do Forte, 77 \u2013 Cristo Redentor, Porto Alegre<br \/>\nFone: (51) 3340-3110<br \/>\n10% de desconto nos cursos para os s\u00f3cios do Sindicato.<\/p>\n<h2><strong><span style=\"text-decoration: underline;\">Carros e Motocicletas<\/span><\/strong><\/h2>\n<p><em><strong>Indy Rodas Auto Center<br \/>\n<\/strong><\/em>Av. Benjamim Constant, 1117 \u2013 S\u00e3o Geraldo, Porto Alegre<br \/>\n(51) 3019.9606<br \/>\n(51) 98506.4502<br \/>\n<a href=\"http:\/\/fb.com\/indyrodasautocenter\">Facebook<\/a><br \/>\nDesconto a combinar com o propriet\u00e1rio Sr. Ariel.<\/p>\n<p><em><strong>Spinelli Street &amp; Off Road<br \/>\n<\/strong><\/em>R. Sete de Abril, 194 &#8211; Floresta, Porto Alegre &#8211; RS, 90220-130<br \/>\nStreet (51) 99332.4479\/(51) 3377-2417 \u2013 Off Road (51) 99671-3854\/(51) 3907-3875<br \/>\n<a href=\"http:\/\/www.spinellimotos.com.br\">www.spinellimotos.com.br<\/a><br \/>\n<a href=\"https:\/\/www.facebook.com\/SpinelliMotos\/\">Facebook<\/a><br \/>\n5% de desconto em acess\u00f3rios e boutique.<\/p>\n<p><em><strong>Motoshow e Casa da Moto<br \/>\n<\/strong><\/em>Av. Gen. Flores da Cunha, 2291-2411 \u2013 Vila Parque Brasilia, Cachoeirinha<br \/>\n(51) 3470-5190<br \/>\nAv. Assis Brasil, 1693 \u2013 Passo D&#8217;areia, Porto Alegre<br \/>\n(51) 3362-5030<br \/>\n10% de desconto em pe\u00e7as, acess\u00f3rios, boutique e oficina.<\/p>\n<p><em><strong>Simpala Cons\u00f3rcios<br \/>\n<\/strong><\/em>Av. Ipiranga, 6500 \u2013 Jardim Bot\u00e2nico, Porto Alegre<br \/>\n(51) 9.9397-5440 | Cl\u00f3vis<br \/>\n10% de desconto na primeira parcela.<\/p>\n<h2><strong><span style=\"text-decoration: underline;\">Apartamentos<\/span><\/strong><\/h2>\n<p><strong><em>Apartamento em Gramado<br \/>\n<\/em><\/strong>Apartamento para at\u00e9 cinco pessoas, decorado e equipado, estacionamento para um carro e pr\u00f3ximo ao centro da cidade.<br \/>\n10% de desconto nas di\u00e1rias mais R$ 25 por acompanhante com pre\u00e7os especiais para agendamentos com anteced\u00eancia.<br \/>\nProcurar diretores da entidade.<\/p>\n<p><strong><em>Apartamento em Macei\u00f3<br \/>\n<\/em><\/strong>Bairro Jati\u00faca<br \/>\nApartamento para at\u00e9 cinco pessoas, ar condicionado, ventilador e vaga parau m carro a 50 metros da praia.<br \/>\nR$ 100 por casal mais adicional de R$ 20 por acompanhante na baixa temporada, exceto feriados. Pre\u00e7os especiais para o ver\u00e3o.<br \/>\nProcurar diretores da entidade.<\/p>\n<p><em><strong>Apartamento em Macei\u00f3<br \/>\n<\/strong><\/em><span style=\"font-weight: 400;\">Bairro Jati\u00faca, Macei\u00f3 &#8211; AL<\/span><span style=\"font-weight: 400;\"><br \/>\n<\/span><span style=\"font-weight: 400;\">44 m\u00b2 tamanho, ar-condicionado, cozinha, piscina\u00a0 ao ar livre, vista da cidade, w<\/span><span style=\"font-weight: 400;\">i-fi gratuito, elevador, estacionamento. P<\/span><span style=\"font-weight: 400;\">re\u00e7o especial para casal e acompanhantes.<br \/>\nPropriet\u00e1rio Ronaldo (66) 98442-1067<\/p>\n<p><strong>Apartamento em Jo\u00e3o Pessoa<br \/>\n<\/strong><\/span>Avenida Olinda 407, Tamba\u00fa, Jo\u00e3o Pessoa<br \/>\nContato: 11 930.567.667 (Sidinei)<\/p>\n<h2><strong><span style=\"text-decoration: underline;\">Col\u00f4nia de F\u00e9rias<\/span><\/strong><\/h2>\n<p><strong>Col\u00f4nia de F\u00e9rias do Sindicato dos Metal\u00fargicos de Porto Alegre<br \/>\n<\/strong>(51) 3371.9000<br \/>\nWhatsapp (51) 99723-7862<strong><br \/>\n<\/strong><\/p>\n<p><strong>Col\u00f4nia de F\u00e9rias da Adesbam<\/strong><br \/>\n(51) 3211 4666<\/p>\n<p><strong>Col\u00f4nia de f\u00e9rias do SINTTEL-RS<\/strong><br \/>\n(51) 3286 9600<\/p>\n<h2><strong><span style=\"text-decoration: underline;\">Diversos<\/span><\/strong><\/h2>\n<p><em><strong>Cl\u00ednica Saramento<br \/>\n<\/strong><\/em><span style=\"font-weight: 400;\">(51) 99135-9560 <\/span><span style=\"font-weight: 400;\"><br \/>\n<\/span><span style=\"font-weight: 400;\">viniciussaramento.com.br <\/span> <span style=\"font-weight: 400;\"><br \/>\n<\/span><a href=\"mailto:contato@viniciussaramento.com.br\"><span style=\"font-weight: 400;\">contato@viniciussaramento.com.br<\/span><span style=\"font-weight: 400;\"><br \/>\n<\/span><\/a><span style=\"font-weight: 400;\">Desconto: 5%<\/span><\/p>\n<p><strong><em>Massoterapeuta: <\/em>Al\u00edvio de dores e bem-estar<\/strong><b><br \/>\n<\/b>Massagem Desportiva | Libera\u00e7\u00e3o Miofascial | Massagem Est\u00e9tica<br \/>\n\ud83d\udccdPOA \/ Zona Sul<br \/>\n(51)98050-9830<br \/>\nPacotes e valores<br \/>\n@<a href=\"https:\/\/www.instagram.com\/masso_thai\/\">masso_thai<\/a><\/p>\n<p><em><strong>RCS Travel e Turismo<br \/>\n<\/strong><\/em>Passagem a\u00e9rea, loca\u00e7\u00e3o de carro, seguro viagem e hotel.<br \/>\n<span style=\"font-weight: 400;\">Rua Ursa Maior 714, Cristal &#8211; Porto Alegre<br \/>\nRonaldo (66) 98442-1067\u00a0 <\/span> <span style=\"font-weight: 400;\"><br \/>\n<\/span><a href=\"mailto:ronaldo@rcstravelturismo.com.br\"><span style=\"font-weight: 400;\">ronaldo@rcstravelturismo.com.br<\/span><\/a><\/p>\n<p><strong><em>Corte Bem<br \/>\n<\/em><\/strong><span style=\"font-weight: 400;\">Rua Riachuelo, 950 Centro Pr\u00f3ximo ao rua da praia shopping<\/span><span style=\"font-weight: 400;\"><br \/>\n<\/span><span style=\"font-weight: 400;\">Porto Alegre (51) 3225-0437<\/span><span style=\"font-weight: 400;\"><br \/>\n<\/span><span style=\"font-weight: 400;\">Servi\u00e7os de progressiva, corte, h<\/span><span style=\"font-weight: 400;\">idrata\u00e7\u00e3o, b<\/span><span style=\"font-weight: 400;\">otox capilar, d<\/span><span style=\"font-weight: 400;\">esign de sobrancelha, m<\/span><span style=\"font-weight: 400;\">anicure e ped\u00f3loga (esmalta\u00e7\u00e3o em gel).<\/span><span style=\"font-weight: 400;\"><br \/>\n<\/span><span style=\"font-weight: 400;\">Desconto 30%<\/span><\/p>\n<p><strong>Est\u00e9tica Arrazus<br \/>\n<\/strong>Galeria do Ros\u00e1rio 3\u00ba Andar, sala 307<br \/>\nDescontos a combinar<\/p>\n<p><strong><em>Mania de Bicho<br \/>\n<\/em><\/strong>Avenida Assis Brasil 470\/15 (na esquina com a Rua S\u00e3o Salvador)<br \/>\n(51) 3342-3051<br \/>\n(51) 9.9779-4457<br \/>\nNa compra de um banho ganhe uma tosa higi\u00eanica ou uma hidrata\u00e7\u00e3o ou 10% de descontos na compra de algum produto<\/p>\n<p><strong>Mikaelen Soares Lisos<\/strong><br \/>\n<a href=\"https:\/\/www.instagram.com\/soares.mikaelen\/\" target=\"_blank\" rel=\"noopener\">Instagram<\/a><br \/>\nDescontos especiais para associados<\/p>\n<p><strong>Fight CT<\/strong><br \/>\nAv. Jo\u00e3o Wallig, 164 &#8211; Porto Alegre<br \/>\n<a href=\"https:\/\/www.instagram.com\/fight_ct\/?hl=pt\" target=\"_blank\" rel=\"noopener\">Instagram<\/a><br \/>\nPre\u00e7o anual na contrata\u00e7\u00e3o mensal<\/p>\n<p><strong>FisioPap &#8211; Fisioterapia<\/strong><br \/>\n<a href=\"https:\/\/www.instagram.com\/fisiopap.terapiarespiratoria\/\" target=\"_blank\" rel=\"noopener\">Instagram<\/a><br \/>\nCondi\u00e7\u00f5es especiais para associados<\/p>\n<p><strong>Deise Passagens A\u00e9reas<\/strong><br \/>\n<a href=\"https:\/\/www.instagram.com\/deluxetravel.br\/\" target=\"_blank\" rel=\"noopener\">Instagram<\/a><br \/>\nDescontos e condi\u00e7\u00f5es exclusivas para associados<br \/>\ndeluxetravel.br@gmail.com<\/p>\n<p>&nbsp;<\/p>\n","protected":false},"excerpt":{"rendered":"<p>Alimenta\u00e7\u00e3o Rua Edu Chaves, 557 (51) 3026-4164 Entrega gr\u00e1tis em pedidos iguais ou maiores do que R$ 50. \u00d3tica Vision \u00f3tica Rua General Vitorino, 169 \u2013 Centro Hist\u00f3rico, Porto Alegre. Descontos de at\u00e9 20% e parcelamento em at\u00e9 15x no cart\u00e3o. Cursos e Escolas Aerosul Av. J\u00falio de Castilhos, 159 &#8211; Centro Hist\u00f3rico, Porto Alegre<\/p>\n","protected":false},"author":1,"featured_media":0,"parent":14848,"menu_order":0,"comment_status":"closed","ping_status":"open","template":"","meta":{"footnotes":""},"class_list":["post-14855","page","type-page","status-publish"],"_links":{"self":[{"href":"https:\/\/aeroviarios.org.br\/index.php\/wp-json\/wp\/v2\/pages\/14855","targetHints":{"allow":["GET"]}}],"collection":[{"href":"https:\/\/aeroviarios.org.br\/index.php\/wp-json\/wp\/v2\/pages"}],"about":[{"href":"https:\/\/aeroviarios.org.br\/index.php\/wp-json\/wp\/v2\/types\/page"}],"author":[{"embeddable":true,"href":"https:\/\/aeroviarios.org.br\/index.php\/wp-json\/wp\/v2\/users\/1"}],"replies":[{"embeddable":true,"href":"https:\/\/aeroviarios.org.br\/index.php\/wp-json\/wp\/v2\/comments?post=14855"}],"version-history":[{"count":3,"href":"https:\/\/aeroviarios.org.br\/index.php\/wp-json\/wp\/v2\/pages\/14855\/revisions"}],"predecessor-version":[{"id":15428,"href":"https:\/\/aeroviarios.org.br\/index.php\/wp-json\/wp\/v2\/pages\/14855\/revisions\/15428"}],"up":[{"embeddable":true,"href":"https:\/\/aeroviarios.org.br\/index.php\/wp-json\/wp\/v2\/pages\/14848"}],"wp:attachment":[{"href":"https:\/\/aeroviarios.org.br\/index.php\/wp-json\/wp\/v2\/media?parent=14855"}],"curies":[{"name":"wp","href":"https:\/\/api.w.org\/{rel}","templated":true}]}}