{"id":14853,"date":"2025-10-19T11:20:26","date_gmt":"2025-10-19T14:20:26","guid":{"rendered":"http:\/\/somarmidia@gmail.com"},"modified":"2026-03-16T10:18:54","modified_gmt":"2026-03-16T13:18:54","slug":"dentistas","status":"publish","type":"page","link":"https:\/\/aeroviarios.org.br\/index.php\/convenios-2\/dentistas\/","title":{"rendered":"Dentistas"},"content":{"rendered":"<p><span style=\"text-decoration: underline;\"><b>Dentista<\/b><\/span><\/p>\n<p><strong>Dr. Ricardo Domingues<\/strong><br \/>Rua dos Andradas, 1646\/63 &#8211; Centro Hist\u00f3rico, Porto Alegre<br \/>Fone: (51) 3072-0249 | (51) 9.9745-1457<br \/><a href=\"http:\/\/Facebook.com\/dr.ricardodomingues\">Facebook<\/a><\/p>\n<p><strong>Cl\u00ednica Believe<\/strong><br \/>Dentista Jana\u00edna Pessamiglio<br \/>Fone: (51) 3031.3191\/ (51) 99350.8988<br \/>Rua Tiradentes, 154\/409 \u2013 Centro, Canoas<br \/><em>15% de desconto<\/em><\/p>\n<p><strong>Cl\u00ednica Odontol\u00f3gica Odonto Faz<\/strong><br \/>Dra. Patr\u00edcia Danesi<br \/>Fone:\u00a0(51) 3062-9954<br \/>Rua dos Andradas &#8211; 1535, sala 32 &#8211; Centro Hist\u00f3rico, Porto Alegre<br \/>A partir de 10% de desconto<br \/><br \/><strong>Jagher Odontologia &#8211; Dr. Aline<\/strong><br \/>(51) 99812-8182<br \/>Rua Andradas 1234, Sala 1301, Porto Alegre<br \/>At\u00e9 30% desconto dependendo do procedimento<\/p>\n\n\n<p><\/p>\n\n\n\n<p><\/p>\n","protected":false},"excerpt":{"rendered":"<p>Dentista Dr. Ricardo DominguesRua dos Andradas, 1646\/63 &#8211; Centro Hist\u00f3rico, Porto AlegreFone: (51) 3072-0249 | (51) 9.9745-1457Facebook Cl\u00ednica BelieveDentista Jana\u00edna PessamiglioFone: (51) 3031.3191\/ (51) 99350.8988Rua Tiradentes, 154\/409 \u2013 Centro, Canoas15% de desconto Cl\u00ednica Odontol\u00f3gica Odonto FazDra. Patr\u00edcia DanesiFone:\u00a0(51) 3062-9954Rua dos Andradas &#8211; 1535, sala 32 &#8211; Centro Hist\u00f3rico, Porto AlegreA partir de 10% de desconto<\/p>\n","protected":false},"author":1,"featured_media":0,"parent":14848,"menu_order":0,"comment_status":"closed","ping_status":"open","template":"","meta":{"footnotes":""},"class_list":["post-14853","page","type-page","status-publish"],"_links":{"self":[{"href":"https:\/\/aeroviarios.org.br\/index.php\/wp-json\/wp\/v2\/pages\/14853","targetHints":{"allow":["GET"]}}],"collection":[{"href":"https:\/\/aeroviarios.org.br\/index.php\/wp-json\/wp\/v2\/pages"}],"about":[{"href":"https:\/\/aeroviarios.org.br\/index.php\/wp-json\/wp\/v2\/types\/page"}],"author":[{"embeddable":true,"href":"https:\/\/aeroviarios.org.br\/index.php\/wp-json\/wp\/v2\/users\/1"}],"replies":[{"embeddable":true,"href":"https:\/\/aeroviarios.org.br\/index.php\/wp-json\/wp\/v2\/comments?post=14853"}],"version-history":[{"count":1,"href":"https:\/\/aeroviarios.org.br\/index.php\/wp-json\/wp\/v2\/pages\/14853\/revisions"}],"predecessor-version":[{"id":15409,"href":"https:\/\/aeroviarios.org.br\/index.php\/wp-json\/wp\/v2\/pages\/14853\/revisions\/15409"}],"up":[{"embeddable":true,"href":"https:\/\/aeroviarios.org.br\/index.php\/wp-json\/wp\/v2\/pages\/14848"}],"wp:attachment":[{"href":"https:\/\/aeroviarios.org.br\/index.php\/wp-json\/wp\/v2\/media?parent=14853"}],"curies":[{"name":"wp","href":"https:\/\/api.w.org\/{rel}","templated":true}]}}