{"id":14852,"date":"2025-10-19T11:20:26","date_gmt":"2025-10-19T14:20:26","guid":{"rendered":"http:\/\/somarmidia@gmail.com"},"modified":"2026-03-16T10:14:31","modified_gmt":"2026-03-16T13:14:31","slug":"medicos","status":"publish","type":"page","link":"https:\/\/aeroviarios.org.br\/index.php\/convenios-2\/medicos\/","title":{"rendered":"M\u00e9dicos"},"content":{"rendered":"\n<p><strong>Cl\u00ednica Balaguez<br> <\/strong>Fisioterapia, acupuntura, homeopatia, nutri\u00e7\u00e3o e fisioterapia<br> Rua Dezoito de Novembro, 800 &#8211; 1\u00b0 andar \u2013 S\u00e3o Jo\u00e3o, Porto Alegre<br> (51) 3324-4347 &#8211; 3084-0018<br> Desconto para dependentes de s\u00f3cios do Sindicato<\/p>\n\n\n\n<p><strong>Dr. Walter Fernando Gobbato Karl<\/strong><br>Ortopedista &#8211; Traumatologista<br>Cl\u00ednica Urgetrauma &#8211; Avenida Assis brasil 2927, sala 517<br>Telefone: (51) 3363-5000<\/p>\n\n\n\n<p><strong>Dr. Ernani Roberto Socal<\/strong><br>Consult\u00f3rio particular<br>Av. Crist\u00f3v\u00e3o Colombo, 2834, 204, Floresta, Porto Alegre<br>Consulte condi\u00e7\u00f5es<\/p>\n\n\n\n<p><strong>Psic\u00f3loga&nbsp;Cintia de Oliveira Olsen<\/strong><br>\nRua Borges de Medeiros, 446\/720 \u2013 Centro Hist\u00f3rico, Porto Alegre<br>\nRua Gomes Portinho, 17\/1202 \u2013 Centro, Novo Hambrugo<br>\n(51) 99842-3252<br>\ncintiaolsen@hotmail.com<br>\n30% de desconto<\/p>\n\n\n\n<p><strong>Psic\u00f3loga\u00a0El\u00e1dio Jos\u00e9 Sangalli<\/strong><br>Atendimento presencial \/ online<br>Consulte Condi\u00e7\u00f5es Especiais<\/p>\n\n\n\n<p><strong>Funda\u00e7\u00e3o Rubem Berta<br>\n<\/strong>Rua 18 de novembro, 800 \u2013 S\u00e3o Jo\u00e3o, Porto Alegre<br>\nAtendimento de segunda a quinta-feira com hora marcada atrav\u00e9s do telefone (51) 3398-0671<\/p>\n\n\n\n<p>Traumatologista<br>\nDr. Walter Gobbato<\/p>\n\n\n\n<p>Urologista\/Cl\u00ednico Geral<br>\nDr. Ernani Roberto Socal<strong><br>\n<\/strong><strong><br>\n<\/strong><strong><span style=\"line-height: 1.5em;\">Cl\u00ednico Geral e Pediatra&nbsp;<\/span>Dr. S\u00e9rgio Mathias Nogueira<br>\n<\/strong>Av. Dorival C\u00e2ndido L. Oliveira, 5501\/102, 104,&nbsp;Parada 65, Gravata\u00ed &#8211; Fone: 3490-4065.<br>\nAv. Assis Brasil, 3324,&nbsp;Lind\u00f3ia &#8211;&nbsp; POA&nbsp; &#8211; Fone: 3340-1211.&nbsp;De segunda a sexta-feira, a partir das 16h30min.<\/p>\n\n\n\n<p><strong>Nutricionista\u00a0Jessica Santos de Deus<\/strong><br> (51) 9.9832-6019<br> Atendimento na sede do Sindicato com agendamento<br> 30% de desconto<br><br><strong>Nutricionista\u00a0Let\u00edcia Moura<\/strong><br> (51) 99415-5270<br> Atendimento na sede do Sindicato com agendamento<\/p>\n\n\n\n<p><strong>Medicina do Trabalho<\/strong><br>\n<strong>Clinica LR<\/strong><br>\nRua dos Andradas 1727\/24&nbsp;\u2013 Centro Hist\u00f3rico, Porto Alegre<br>\n(51) 3222-6668 | (51) 3227-5069<br>\nRetirar Requisi\u00e7\u00e3o na sede do Sindicato<\/p>\n","protected":false},"excerpt":{"rendered":"<p>Cl\u00ednica Balaguez Fisioterapia, acupuntura, homeopatia, nutri\u00e7\u00e3o e fisioterapia Rua Dezoito de Novembro, 800 &#8211; 1\u00b0 andar \u2013 S\u00e3o Jo\u00e3o, Porto Alegre (51) 3324-4347 &#8211; 3084-0018 Desconto para dependentes de s\u00f3cios do Sindicato Dr. Walter Fernando Gobbato KarlOrtopedista &#8211; TraumatologistaCl\u00ednica Urgetrauma &#8211; Avenida Assis brasil 2927, sala 517Telefone: (51) 3363-5000 Dr. Ernani Roberto SocalConsult\u00f3rio particularAv. Crist\u00f3v\u00e3o<\/p>\n","protected":false},"author":1,"featured_media":0,"parent":14848,"menu_order":0,"comment_status":"closed","ping_status":"open","template":"","meta":{"footnotes":""},"class_list":["post-14852","page","type-page","status-publish"],"_links":{"self":[{"href":"https:\/\/aeroviarios.org.br\/index.php\/wp-json\/wp\/v2\/pages\/14852","targetHints":{"allow":["GET"]}}],"collection":[{"href":"https:\/\/aeroviarios.org.br\/index.php\/wp-json\/wp\/v2\/pages"}],"about":[{"href":"https:\/\/aeroviarios.org.br\/index.php\/wp-json\/wp\/v2\/types\/page"}],"author":[{"embeddable":true,"href":"https:\/\/aeroviarios.org.br\/index.php\/wp-json\/wp\/v2\/users\/1"}],"replies":[{"embeddable":true,"href":"https:\/\/aeroviarios.org.br\/index.php\/wp-json\/wp\/v2\/comments?post=14852"}],"version-history":[{"count":1,"href":"https:\/\/aeroviarios.org.br\/index.php\/wp-json\/wp\/v2\/pages\/14852\/revisions"}],"predecessor-version":[{"id":15407,"href":"https:\/\/aeroviarios.org.br\/index.php\/wp-json\/wp\/v2\/pages\/14852\/revisions\/15407"}],"up":[{"embeddable":true,"href":"https:\/\/aeroviarios.org.br\/index.php\/wp-json\/wp\/v2\/pages\/14848"}],"wp:attachment":[{"href":"https:\/\/aeroviarios.org.br\/index.php\/wp-json\/wp\/v2\/media?parent=14852"}],"curies":[{"name":"wp","href":"https:\/\/api.w.org\/{rel}","templated":true}]}}