{"id":14838,"date":"2025-10-19T11:20:26","date_gmt":"2025-10-19T14:20:26","guid":{"rendered":"http:\/\/somarmidia@gmail.com"},"modified":"2025-10-19T11:20:26","modified_gmt":"2025-10-19T14:20:26","slug":"documentos-e-formularios-2","status":"publish","type":"page","link":"https:\/\/aeroviarios.org.br\/index.php\/documentos-e-formularios-2\/","title":{"rendered":"Documentos e Formul\u00e1rios"},"content":{"rendered":"<p><span style=\"line-height: 1.5em;\">Abaixo, modelos de documentos \u00fateis aos aerovi\u00e1rios:<\/span><\/p>\n<p>&nbsp;<\/p>\n<p><strong>Texto para a Declara\u00e7\u00e3o, conforme Cl\u00e1usula 41 da CCT:\u00a0<\/strong><\/p>\n<p>D E C L A R A \u00c7 \u00c3 O<\/p>\n<p>Porto Alegre, (DIA) de (M\u00caS) de (ANO) .<\/p>\n<p>Eu, (NOME COMPLETO), funcion\u00e1rio da empresa (NOME DA EMPRESA), sob matr\u00edcula n\u00b0 (N\u00b0 MATR\u00cdCULA FUNCIONAL)\u00a0declaro que tenho mais de quinze anos de trabalho nesta empresa e estou a menos de tr\u00eas anos de atingir o tempo de servi\u00e7o necess\u00e1rio para a aposentadoria, estando assim contemplado no que est\u00e1 estabelecido na cl\u00e1usula 41 da Conven\u00e7\u00e3o Coletiva de Trabalho dos Aerovi\u00e1rios e tendo direito a garantia deemprego \u00e0s v\u00e9speras da aposentadoria.<\/p>\n<p>_____________________________________<\/p>\n<p>(ASSINATURA DO TRABALHADOR)<\/p>\n<p>&nbsp;<\/p>\n<p><strong>Modelo para solicitar c\u00f3pia do Perfil Profissiogr\u00e1fico Previdenci\u00e1rio (PPP):<\/strong><\/p>\n<p>SOLICITA\u00c7\u00c3O DE ENTREGA DO PPP<\/p>\n<p><span style=\"line-height: 1.5em;\">Porto Alegre, (DIA) de (M\u00caS) de (ANO) .\u00a0<\/span><\/p>\n<p>Eu, (NOME COMPLETO), funcion\u00e1rio da empresa (NOME DA EMPRESA), sob matr\u00edcula n\u00b0 (N\u00b0 MATR\u00cdCULA FUNCIONAL), venho atrav\u00e9s destedocumento solicitar o Laudo do PPP &#8211; Perfil Profissiogr\u00e1fico Previdenci\u00e1rio, o qual ser\u00e1 necess\u00e1rio para o encaminhamento da aposentadoria, conforme cl\u00e1usula da Conven\u00e7\u00e3o Coletiva deTrabalho, que prev\u00ea o prazo de 10 (dez) dias para a entrega desta solicita\u00e7\u00e3o.<\/p>\n<p>_____________________________________<\/p>\n<p>(ASSINATURA DO TRABALHADOR)<\/p>\n<p>Protocolo de Recebimento do Doc. pela Empresa<\/p>\n<p>_____________________________________<\/p>\n<p>(DATA, NOME, ASSINATURA)<\/p>\n","protected":false},"excerpt":{"rendered":"<p>Abaixo, modelos de documentos \u00fateis aos aerovi\u00e1rios: &nbsp; Texto para a Declara\u00e7\u00e3o, conforme Cl\u00e1usula 41 da CCT:\u00a0 D E C L A R A \u00c7 \u00c3 O Porto Alegre, (DIA) de (M\u00caS) de (ANO) . Eu, (NOME COMPLETO), funcion\u00e1rio da empresa (NOME DA EMPRESA), sob matr\u00edcula n\u00b0 (N\u00b0 MATR\u00cdCULA FUNCIONAL)\u00a0declaro que tenho mais de quinze<\/p>\n","protected":false},"author":1,"featured_media":0,"parent":0,"menu_order":0,"comment_status":"closed","ping_status":"closed","template":"","meta":{"footnotes":""},"class_list":["post-14838","page","type-page","status-publish"],"_links":{"self":[{"href":"https:\/\/aeroviarios.org.br\/index.php\/wp-json\/wp\/v2\/pages\/14838","targetHints":{"allow":["GET"]}}],"collection":[{"href":"https:\/\/aeroviarios.org.br\/index.php\/wp-json\/wp\/v2\/pages"}],"about":[{"href":"https:\/\/aeroviarios.org.br\/index.php\/wp-json\/wp\/v2\/types\/page"}],"author":[{"embeddable":true,"href":"https:\/\/aeroviarios.org.br\/index.php\/wp-json\/wp\/v2\/users\/1"}],"replies":[{"embeddable":true,"href":"https:\/\/aeroviarios.org.br\/index.php\/wp-json\/wp\/v2\/comments?post=14838"}],"version-history":[{"count":0,"href":"https:\/\/aeroviarios.org.br\/index.php\/wp-json\/wp\/v2\/pages\/14838\/revisions"}],"wp:attachment":[{"href":"https:\/\/aeroviarios.org.br\/index.php\/wp-json\/wp\/v2\/media?parent=14838"}],"curies":[{"name":"wp","href":"https:\/\/api.w.org\/{rel}","templated":true}]}}