{"id":14836,"date":"2025-10-19T11:20:26","date_gmt":"2025-10-19T14:20:26","guid":{"rendered":"http:\/\/somarmidia@gmail.com"},"modified":"2025-10-19T11:20:26","modified_gmt":"2025-10-19T14:20:26","slug":"assessoria-de-imprensa-2","status":"publish","type":"page","link":"https:\/\/aeroviarios.org.br\/index.php\/assessoria-de-imprensa-2\/","title":{"rendered":"Assessoria de Imprensa"},"content":{"rendered":"<p>Entre em contato com a Assessoria de Comunica\u00e7\u00e3o do Sindicato dos Aerovi\u00e1rios de Porto Alegre pelo e-mail\u00a0<a href=\"mailto:asscomrs@gmail.com\">asscomrs@gmail.com<\/a>, ou\u00a0pelos fones: (51) 9680-6612 e (11) 97735-8880.<\/p>\n<p>&nbsp;<\/p>\n","protected":false},"excerpt":{"rendered":"<p>Entre em contato com a Assessoria de Comunica\u00e7\u00e3o do Sindicato dos Aerovi\u00e1rios de Porto Alegre pelo e-mail\u00a0asscomrs@gmail.com, ou\u00a0pelos fones: (51) 9680-6612 e (11) 97735-8880. &nbsp;<\/p>\n","protected":false},"author":1,"featured_media":0,"parent":0,"menu_order":0,"comment_status":"closed","ping_status":"closed","template":"","meta":{"footnotes":""},"class_list":["post-14836","page","type-page","status-publish"],"_links":{"self":[{"href":"https:\/\/aeroviarios.org.br\/index.php\/wp-json\/wp\/v2\/pages\/14836","targetHints":{"allow":["GET"]}}],"collection":[{"href":"https:\/\/aeroviarios.org.br\/index.php\/wp-json\/wp\/v2\/pages"}],"about":[{"href":"https:\/\/aeroviarios.org.br\/index.php\/wp-json\/wp\/v2\/types\/page"}],"author":[{"embeddable":true,"href":"https:\/\/aeroviarios.org.br\/index.php\/wp-json\/wp\/v2\/users\/1"}],"replies":[{"embeddable":true,"href":"https:\/\/aeroviarios.org.br\/index.php\/wp-json\/wp\/v2\/comments?post=14836"}],"version-history":[{"count":0,"href":"https:\/\/aeroviarios.org.br\/index.php\/wp-json\/wp\/v2\/pages\/14836\/revisions"}],"wp:attachment":[{"href":"https:\/\/aeroviarios.org.br\/index.php\/wp-json\/wp\/v2\/media?parent=14836"}],"curies":[{"name":"wp","href":"https:\/\/api.w.org\/{rel}","templated":true}]}}