{"id":14834,"date":"2025-10-19T11:20:26","date_gmt":"2025-10-19T14:20:26","guid":{"rendered":"http:\/\/somarmidia@gmail.com"},"modified":"2025-10-19T11:20:26","modified_gmt":"2025-10-19T14:20:26","slug":"assessoria-juridica-2","status":"publish","type":"page","link":"https:\/\/aeroviarios.org.br\/index.php\/assessoria-juridica-2\/","title":{"rendered":"Assessoria Jur\u00eddica"},"content":{"rendered":"<p><a href=\"http:\/\/aeroviarios.org.br\/wp-content\/uploads\/2014\/02\/justi\u00e7a-do-trabalho1.jpg\"><img fetchpriority=\"high\" decoding=\"async\" class=\"wp-image-5547 alignleft\" style=\"margin: 10px;\" src=\"http:\/\/aeroviarios.org.br\/wp-content\/uploads\/2014\/02\/justi\u00e7a-do-trabalho1.jpg\" alt=\"justi\u00e7a-do-trabalho1\" width=\"300\" height=\"199\" \/><\/a><\/p>\n<p><span style=\"line-height: 1.5em;\">Todos os aerovi\u00e1rios do RS s\u00e3o representados juridicamente pelo Sindicato dos Aerovi\u00e1rios de Porto Alegre e muitos participam de a\u00e7\u00f5es coletivas promovidas pela entidade em prol dos direitos dos trabalhadores.<\/span><\/p>\n<p><span style=\"line-height: 1.5em;\">Para acompanhar o andamento dos processos, o aerovi\u00e1rio pode acessar o site do \u00f3rg\u00e3o do Judici\u00e1rio onde est\u00e1 sua a\u00e7\u00e3o, nos links de andamento processual.\u00a0Os n\u00fameros dos processos podem ser obtidos na Secretaria Jur\u00eddica do Sindicato, que atende \u00e0s segundas e ter\u00e7as-feiras, ou pelo telefone (51) 3343-4302.\u00a0<\/span><\/p>\n<p><span style=\"line-height: 1.5em;\">O associado tamb\u00e9m pode contatar diretamente os advogados trabalhistas, de segunda a sexta-feira, pelo fone (51) 3211-4233.<\/span><\/p>\n<p>Os associados do Sindicato contam com Assessoria Jur\u00eddica para quest\u00f5es trabalhistas e previdenci\u00e1rias.<\/p>\n<p>&nbsp;<\/p>\n<p>&nbsp;<\/p>\n","protected":false},"excerpt":{"rendered":"<p>Todos os aerovi\u00e1rios do RS s\u00e3o representados juridicamente pelo Sindicato dos Aerovi\u00e1rios de Porto Alegre e muitos participam de a\u00e7\u00f5es coletivas promovidas pela entidade em prol dos direitos dos trabalhadores. Para acompanhar o andamento dos processos, o aerovi\u00e1rio pode acessar o site do \u00f3rg\u00e3o do Judici\u00e1rio onde est\u00e1 sua a\u00e7\u00e3o, nos links de andamento processual.\u00a0Os<\/p>\n","protected":false},"author":1,"featured_media":0,"parent":0,"menu_order":0,"comment_status":"closed","ping_status":"open","template":"","meta":{"footnotes":""},"class_list":["post-14834","page","type-page","status-publish"],"_links":{"self":[{"href":"https:\/\/aeroviarios.org.br\/index.php\/wp-json\/wp\/v2\/pages\/14834","targetHints":{"allow":["GET"]}}],"collection":[{"href":"https:\/\/aeroviarios.org.br\/index.php\/wp-json\/wp\/v2\/pages"}],"about":[{"href":"https:\/\/aeroviarios.org.br\/index.php\/wp-json\/wp\/v2\/types\/page"}],"author":[{"embeddable":true,"href":"https:\/\/aeroviarios.org.br\/index.php\/wp-json\/wp\/v2\/users\/1"}],"replies":[{"embeddable":true,"href":"https:\/\/aeroviarios.org.br\/index.php\/wp-json\/wp\/v2\/comments?post=14834"}],"version-history":[{"count":0,"href":"https:\/\/aeroviarios.org.br\/index.php\/wp-json\/wp\/v2\/pages\/14834\/revisions"}],"wp:attachment":[{"href":"https:\/\/aeroviarios.org.br\/index.php\/wp-json\/wp\/v2\/media?parent=14834"}],"curies":[{"name":"wp","href":"https:\/\/api.w.org\/{rel}","templated":true}]}}