{"id":14832,"date":"2025-10-19T11:20:26","date_gmt":"2025-10-19T14:20:26","guid":{"rendered":"http:\/\/somarmidia@gmail.com"},"modified":"2025-10-19T11:20:26","modified_gmt":"2025-10-19T14:20:26","slug":"quem-somos-2","status":"publish","type":"page","link":"https:\/\/aeroviarios.org.br\/index.php\/quem-somos-2\/","title":{"rendered":"Quem Somos"},"content":{"rendered":"<p><em><strong>A hist\u00f3ria do Sindicato dos Aerovi\u00e1rios de Porto Alegre come\u00e7ou h\u00e1 30 anos, quando um grupo de aerovi\u00e1rios fundou, em 27 de maio de 1985, a Associa\u00e7\u00e3o Profissional dos Trabalhadores Aerovi\u00e1rios de Porto Alegre.<\/strong><\/em><\/p>\n<p><span style=\"line-height: 1.5em;\">Nos anos de 1983 e 1984, o Brasil se uniu para pedir o fim da Ditadura, realizando cerca de quarenta manifesta\u00e7x\u00f5es populares, que culminaram, em 16 de abril, com o com\u00edcio no Vale do Anhangaba\u00fa, em SP, reunindo um milh\u00e3o e meio de pessoas pelas Diretas J\u00e1. O resultado foi a elei\u00e7\u00e3o indireta de Tancredo Neves (em 84), dando fim \u00e0 Ditadura no pa\u00eds.<\/span><\/p>\n<p>Em 27 de maio de 1985, neste ambiente de redemocratiza\u00e7\u00e3o, um grupo de aerovi\u00e1rios ga\u00fachos, em sua maioria ligados \u00e0 antiga Varig, uniu-se para fundar a Associa\u00e7\u00e3o Profissional dos Trabalhadores Aerovi\u00e1rios de Porto Alegre.<\/p>\n<p>A sede do Sindicato foi alugada em dezembro de 1985 e depois foi adquirida como sede pr\u00f3pria.<\/p>\n<p style=\"text-align: center;\"><a href=\"http:\/\/aeroviarios.org.br\/wp-content\/uploads\/2015\/05\/associacao.jpg\"><img fetchpriority=\"high\" decoding=\"async\" alt=\"associacao\" src=\"http:\/\/aeroviarios.org.br\/wp-content\/uploads\/2015\/05\/associacao.jpg\" width=\"450\" height=\"367\" \/><\/a><\/p>\n<p>A Associa\u00e7\u00e3o virou Sindicato em 1987, ano em que os aerovi\u00e1rios realizaram a primeira greve da categoria no RS e foi criado o Caf\u00e9 no P\u00e1tio, reunindo os aerovi\u00e1rios nos p\u00e1tios das empresas de avia\u00e7\u00e3o e manuten\u00e7\u00e3o de avi\u00f5es.<\/p>\n<p>A greve levou \u00e0 demiss\u00e3o de toda a diretoria do Sindicato, que foi reintegrada somente um ano depois. A maioria dos direitos dos aerovi\u00e1rios expressos na CCT \u2013 Conven\u00e7\u00e3o Coletiva de Trabalho foi conquistada nessa \u00e9poca: adicional noturno, horas extras, anu\u00eanio.<\/p>\n<p>Em 21 de setembro de 1989, o Sindicato filiou-se \u00e0 CUT. Em 2015, comemora 30 anos de trajet\u00f3ria incans\u00e1vel e constante em defesa do aerovi\u00e1rio\/a ga\u00facho.<\/p>\n<p>A miss\u00e3o do Sindicato sempre foi e continua sendo defender os interesses dos aerovi\u00e1rios e participar, ao lado de outras entidades e movimentos sociais, da defesa da classe trabalhadora em nosso pa\u00eds.<\/p>\n<p>S\u00e3o nossos associados que criam condi\u00e7\u00f5es de o Sindicato existir e atuar com independ\u00eancia pol\u00edtica e econ\u00f4mica. Por isso \u00e9 t\u00e3o importante a filia\u00e7\u00e3o \u00e0 entidade, garantindo-lhe condi\u00e7\u00f5es de representar os trabalhadores.<\/p>\n<p>Fa\u00e7a parte dessa hist\u00f3ria. Visite a sede do Sindicato e filie-se!<\/p>\n<p><a href=\"http:\/\/aeroviarios.org.br\/wp-content\/uploads\/2015\/05\/SFilho01.jpg\"><img decoding=\"async\" class=\"wp-image-5369 aligncenter\" alt=\"SFilho01\" src=\"http:\/\/aeroviarios.org.br\/wp-content\/uploads\/2015\/05\/SFilho01.jpg\" width=\"500\" height=\"352\" \/><\/a><\/p>\n<p><a href=\"http:\/\/aeroviarios.org.br\/wp-content\/uploads\/2015\/05\/passeata.jpg\"><img decoding=\"async\" class=\"wp-image-5368 aligncenter\" alt=\"passeata\" src=\"http:\/\/aeroviarios.org.br\/wp-content\/uploads\/2015\/05\/passeata.jpg\" width=\"500\" height=\"333\" \/><\/a><\/p>\n<p><a href=\"http:\/\/aeroviarios.org.br\/wp-content\/uploads\/2015\/05\/nossos-direitos.jpg\"><img loading=\"lazy\" decoding=\"async\" class=\"wp-image-5367 aligncenter\" alt=\"nossos direitos\" src=\"http:\/\/aeroviarios.org.br\/wp-content\/uploads\/2015\/05\/nossos-direitos.jpg\" width=\"500\" height=\"375\" \/><\/a><\/p>\n<p><a href=\"http:\/\/aeroviarios.org.br\/wp-content\/uploads\/2015\/05\/FRberta.jpg\"><img loading=\"lazy\" decoding=\"async\" class=\"wp-image-5366 aligncenter\" alt=\"FRberta\" src=\"http:\/\/aeroviarios.org.br\/wp-content\/uploads\/2015\/05\/FRberta.jpg\" width=\"500\" height=\"333\" \/><\/a><\/p>\n","protected":false},"excerpt":{"rendered":"<p>A hist\u00f3ria do Sindicato dos Aerovi\u00e1rios de Porto Alegre come\u00e7ou h\u00e1 30 anos, quando um grupo de aerovi\u00e1rios fundou, em 27 de maio de 1985, a Associa\u00e7\u00e3o Profissional dos Trabalhadores Aerovi\u00e1rios de Porto Alegre. Nos anos de 1983 e 1984, o Brasil se uniu para pedir o fim da Ditadura, realizando cerca de quarenta manifesta\u00e7x\u00f5es<\/p>\n","protected":false},"author":1,"featured_media":0,"parent":0,"menu_order":0,"comment_status":"closed","ping_status":"closed","template":"","meta":{"footnotes":""},"class_list":["post-14832","page","type-page","status-publish"],"_links":{"self":[{"href":"https:\/\/aeroviarios.org.br\/index.php\/wp-json\/wp\/v2\/pages\/14832","targetHints":{"allow":["GET"]}}],"collection":[{"href":"https:\/\/aeroviarios.org.br\/index.php\/wp-json\/wp\/v2\/pages"}],"about":[{"href":"https:\/\/aeroviarios.org.br\/index.php\/wp-json\/wp\/v2\/types\/page"}],"author":[{"embeddable":true,"href":"https:\/\/aeroviarios.org.br\/index.php\/wp-json\/wp\/v2\/users\/1"}],"replies":[{"embeddable":true,"href":"https:\/\/aeroviarios.org.br\/index.php\/wp-json\/wp\/v2\/comments?post=14832"}],"version-history":[{"count":0,"href":"https:\/\/aeroviarios.org.br\/index.php\/wp-json\/wp\/v2\/pages\/14832\/revisions"}],"wp:attachment":[{"href":"https:\/\/aeroviarios.org.br\/index.php\/wp-json\/wp\/v2\/media?parent=14832"}],"curies":[{"name":"wp","href":"https:\/\/api.w.org\/{rel}","templated":true}]}}