{"id":11185,"date":"2020-10-20T14:05:59","date_gmt":"2020-10-20T14:05:59","guid":{"rendered":"http:\/\/aeroviarios.org.br\/?page_id=11185"},"modified":"2020-10-20T14:05:59","modified_gmt":"2020-10-20T14:05:59","slug":"outubro-rosa-e-sobre-prevencao","status":"publish","type":"page","link":"https:\/\/aeroviarios.org.br\/index.php\/outubro-rosa-e-sobre-prevencao\/","title":{"rendered":"Outubro Rosa \u00e9 sobre preven\u00e7\u00e3o"},"content":{"rendered":"\n<p>\u00c9 chegado mais um m\u00eas de outubro e com ele mais uma importante campanha pela preven\u00e7\u00e3o do c\u00e2ncer de mama. Depois do c\u00e2ncer de pele, este \u00e9 o tipo de c\u00e2ncer que mais mata no Brasil, e por essa alta taxa de fatalidade e pela necessidade de preven\u00e7\u00e3o, este \u00e9 um lembrete muito importante.<\/p>\n\n\n\n<p>Entre os fatores de risco para o desenvolvimento desta doen\u00e7a est\u00e3o o sedentarismo e o controle de peso, ambos combat\u00edveis com a pr\u00e1tica de exerc\u00edcios f\u00edsicos e com uma dieta adequada, e tamb\u00e9m o consumo de \u00e1lcool, um excesso que deve ser evitado para diminui\u00e7\u00e3o das chances do desenvolvimento desta doen\u00e7a. H\u00e1 ainda a quest\u00e3o gen\u00e9tica, fator que deve ser levado em conta e que deve ser levado para o m\u00e9dico no momento dos exames preventivos.<\/p>\n\n\n\n<figure class=\"wp-block-image size-large\"><img decoding=\"async\" src=\"https:\/\/aeroviarios.org.br\/novo\/wp-content\/uploads\/2020\/10\/Design-sem-nome-59-1024x1024.png\" alt=\"\" class=\"wp-image-11186\"\/><\/figure>\n\n\n\n<p><\/p>\n\n\n\n<p>\u201cA preven\u00e7\u00e3o com rela\u00e7\u00e3o aos fatores de risco, o autoexame e consultas m\u00e9dicas regulares devem fazer parte da rotina das mulheres\u201d, afirma o Sindicato. A entidade ainda refor\u00e7a o alerta aos principais sintomas da doen\u00e7a, como presen\u00e7a de caro\u00e7o geralmente indolor, pele avermelhada, retra\u00edda ou com casca laranja, altera\u00e7\u00f5es no pico do peito, n\u00f3dulos na regi\u00e3o das axilas ou pesco\u00e7o e l\u00edquido anormal nas mamas. \u201cN\u00e3o s\u00f3 para nossa categoria, obviamente, mas este \u00e9 um pedido que devemos fazer para todas as mulheres: levem esta quest\u00e3o a s\u00e9rio\u201d, pontua a entidade.<\/p>\n","protected":false},"excerpt":{"rendered":"<p>\u00c9 chegado mais um m\u00eas de outubro e com ele mais uma importante campanha pela preven\u00e7\u00e3o do c\u00e2ncer de mama. Depois do c\u00e2ncer de pele, este \u00e9 o tipo de c\u00e2ncer que mais mata no Brasil, e por essa alta taxa de fatalidade e pela necessidade de preven\u00e7\u00e3o, este \u00e9 um lembrete muito importante. Entre<\/p>\n","protected":false},"author":4,"featured_media":11188,"parent":0,"menu_order":0,"comment_status":"closed","ping_status":"closed","template":"","meta":{"footnotes":""},"class_list":["post-11185","page","type-page","status-publish","has-post-thumbnail"],"_links":{"self":[{"href":"https:\/\/aeroviarios.org.br\/index.php\/wp-json\/wp\/v2\/pages\/11185","targetHints":{"allow":["GET"]}}],"collection":[{"href":"https:\/\/aeroviarios.org.br\/index.php\/wp-json\/wp\/v2\/pages"}],"about":[{"href":"https:\/\/aeroviarios.org.br\/index.php\/wp-json\/wp\/v2\/types\/page"}],"author":[{"embeddable":true,"href":"https:\/\/aeroviarios.org.br\/index.php\/wp-json\/wp\/v2\/users\/4"}],"replies":[{"embeddable":true,"href":"https:\/\/aeroviarios.org.br\/index.php\/wp-json\/wp\/v2\/comments?post=11185"}],"version-history":[{"count":0,"href":"https:\/\/aeroviarios.org.br\/index.php\/wp-json\/wp\/v2\/pages\/11185\/revisions"}],"wp:featuredmedia":[{"embeddable":true,"href":"https:\/\/aeroviarios.org.br\/index.php\/wp-json\/"}],"wp:attachment":[{"href":"https:\/\/aeroviarios.org.br\/index.php\/wp-json\/wp\/v2\/media?parent=11185"}],"curies":[{"name":"wp","href":"https:\/\/api.w.org\/{rel}","templated":true}]}}