{"id":10902,"date":"2020-07-06T20:38:13","date_gmt":"2020-07-06T20:38:13","guid":{"rendered":"http:\/\/aeroviarios.org.br\/?page_id=10902"},"modified":"2020-07-06T20:38:13","modified_gmt":"2020-07-06T20:38:13","slug":"classificados-aeroviarios","status":"publish","type":"page","link":"https:\/\/aeroviarios.org.br\/index.php\/classificados-aeroviarios\/","title":{"rendered":"Classificados Aerovi\u00e1rios"},"content":{"rendered":"<p>O Sindicato dos Aerovi\u00e1rios de Porto Alegre comunica que est\u00e1 disponibilizando para a categoria um espa\u00e7o no seu site, Instagram e Facebook, totalmente gratuito, para a divulga\u00e7\u00e3o e venda de produtos e servi\u00e7os. Desde j\u00e1, a entidade declara que n\u00e3o tem nenhuma responsabilidade quanto as transa\u00e7\u00f5es a serem efetivadas.&nbsp;<\/p>\n<p>Para anunciar, os aerovi\u00e1rios dever\u00e3o encaminhar e-mail para o faleconosco@aeroviarios.org.br contendo as seguintes informa\u00e7\u00f5es:<br>\u2013 nome do produto ou servi\u00e7o;<br>\u2013 valores;<br>\u2013 telefone para contato;<br>\u2013 descri\u00e7\u00e3o de no m\u00e1ximo 240 caracteres;<br>\u2013 duas fotos no formato 800\u00d7800.<\/p>\n<p><a href=\"https:\/\/aeroviarios.org.br\/novo\/wp-content\/uploads\/2020\/07\/classificados_aeroviarios.png\"><img fetchpriority=\"high\" decoding=\"async\" class=\"alignnone size-full wp-image-10903\" src=\"https:\/\/aeroviarios.org.br\/novo\/wp-content\/uploads\/2020\/07\/classificados_aeroviarios.png\" alt=\"\" width=\"1000\" height=\"480\"><\/a><\/p>\n\n\n<p class=\"has-medium-font-size\"><strong>Temperos D&#8217;casa<\/strong><\/p>\n\n\n\n<figure class=\"wp-block-gallery columns-2 is-cropped wp-block-gallery-1 is-layout-flex wp-block-gallery-is-layout-flex\"><ul class=\"blocks-gallery-grid\"><li class=\"blocks-gallery-item\"><figure><img decoding=\"async\" src=\"https:\/\/aeroviarios.org.br\/novo\/wp-content\/uploads\/2020\/07\/20200710_195511-1024x768.jpg\" alt=\"\" data-id=\"10959\" data-full-url=\"http:\/\/aeroviarios.org.br\/wp-content\/uploads\/2020\/07\/20200710_195511-scaled.jpg\" data-link=\"http:\/\/aeroviarios.org.br\/classificados-aeroviarios\/20200710_195511\/\" class=\"wp-image-10959\"\/><\/figure><\/li><li class=\"blocks-gallery-item\"><figure><img decoding=\"async\" src=\"https:\/\/aeroviarios.org.br\/novo\/wp-content\/uploads\/2020\/07\/IMG-20200705-WA0040-2-614x1024.jpg\" alt=\"\" data-id=\"10934\" data-link=\"http:\/\/aeroviarios.org.br\/classificados-aeroviarios\/img-20200705-wa0040-2\/\" class=\"wp-image-10934\"\/><\/figure><\/li><\/ul><\/figure>\n\n\n\n<p><strong>Produto:<\/strong> Vendo Tempeiro caseiro. Embalagem de 500g sem conservantes.<br>Temos 3 tipos com pimenta, sem pimenta e para churrasco.<br>Dou prefer\u00eancia para entregar no aeroporto, pois trabalho ali e facilita pra mim j\u00e1 que moro em sapucaia.<br><strong>Valor: <\/strong>R$ 10<br><strong>Contato:<\/strong> &nbsp;(51) 98216 8601 &#8211; Ezequiel\/Latam<\/p>\n\n\n\n<p class=\"has-medium-font-size\"><strong>Ben Gourmet<\/strong><\/p>\n\n\n\n<figure class=\"wp-block-gallery columns-2 is-cropped wp-block-gallery-2 is-layout-flex wp-block-gallery-is-layout-flex\"><ul class=\"blocks-gallery-grid\"><li class=\"blocks-gallery-item\"><figure><img decoding=\"async\" src=\"https:\/\/aeroviarios.org.br\/novo\/wp-content\/uploads\/2020\/07\/PhotoGrid_1594173698998-1-576x1024.jpg\" alt=\"\" data-id=\"10933\" data-full-url=\"http:\/\/aeroviarios.org.br\/wp-content\/uploads\/2020\/07\/PhotoGrid_1594173698998-1-scaled.jpg\" data-link=\"http:\/\/aeroviarios.org.br\/classificados-aeroviarios\/photogrid_1594173698998-1\/\" class=\"wp-image-10933\"\/><\/figure><\/li><li class=\"blocks-gallery-item\"><figure><img decoding=\"async\" src=\"https:\/\/aeroviarios.org.br\/novo\/wp-content\/uploads\/2020\/07\/PhotoGrid_1594172293244-1-576x1024.jpg\" alt=\"\" data-id=\"10935\" data-full-url=\"http:\/\/aeroviarios.org.br\/wp-content\/uploads\/2020\/07\/PhotoGrid_1594172293244-1-scaled.jpg\" data-link=\"http:\/\/aeroviarios.org.br\/classificados-aeroviarios\/photogrid_1594172293244-1\/\" class=\"wp-image-10935\"\/><\/figure><\/li><\/ul><\/figure>\n\n\n\n<p><strong>Produto:<\/strong> Doce Gourmet no copo, camadas de Nutella, brigadeiro, brownie, morangos, creme leite Ninho, mousse leite Ninho.<br><strong>Valor: <\/strong>R$18,00<br><strong>Contato:<\/strong> (51) 986818972 &#8211; Eduardo Marques Baptista\/Latam<\/p>\n\n\n\n<p class=\"has-medium-font-size\"><strong>Meu Melhor Amigo<\/strong><\/p>\n\n\n\n<figure class=\"wp-block-gallery columns-3 is-cropped wp-block-gallery-3 is-layout-flex wp-block-gallery-is-layout-flex\"><ul class=\"blocks-gallery-grid\"><li class=\"blocks-gallery-item\"><figure><img decoding=\"async\" src=\"https:\/\/aeroviarios.org.br\/novo\/wp-content\/uploads\/2020\/07\/IMG_20200707_104858-1024x1024.jpg\" alt=\"\" data-id=\"10937\" data-full-url=\"http:\/\/aeroviarios.org.br\/wp-content\/uploads\/2020\/07\/IMG_20200707_104858.jpg\" data-link=\"http:\/\/aeroviarios.org.br\/classificados-aeroviarios\/img_20200707_104858\/\" class=\"wp-image-10937\"\/><\/figure><\/li><li class=\"blocks-gallery-item\"><figure><img decoding=\"async\" src=\"https:\/\/aeroviarios.org.br\/novo\/wp-content\/uploads\/2020\/07\/IMG-20200709-WA0016.jpg\" alt=\"\" data-id=\"10938\" data-full-url=\"http:\/\/aeroviarios.org.br\/wp-content\/uploads\/2020\/07\/IMG-20200709-WA0016.jpg\" data-link=\"http:\/\/aeroviarios.org.br\/classificados-aeroviarios\/img-20200709-wa0016\/\" class=\"wp-image-10938\"\/><\/figure><\/li><li class=\"blocks-gallery-item\"><figure><img decoding=\"async\" src=\"https:\/\/aeroviarios.org.br\/novo\/wp-content\/uploads\/2020\/07\/IMG_20200615_163030_894-1024x1024.jpg\" alt=\"\" data-id=\"10939\" data-full-url=\"http:\/\/aeroviarios.org.br\/wp-content\/uploads\/2020\/07\/IMG_20200615_163030_894.jpg\" data-link=\"http:\/\/aeroviarios.org.br\/classificados-aeroviarios\/img_20200615_163030_894\/\" class=\"wp-image-10939\"\/><\/figure><\/li><\/ul><\/figure>\n\n\n\n<p><strong>Produto:<\/strong> Roupinhas de tric\u00f4 para pets sob encomenda.<br><strong>Valor: <\/strong>Variam de modelo para modelo.<br><strong>Contato:<\/strong> <a rel=\"noreferrer noopener\" href=\"https:\/\/www.facebook.com\/Meu-Melhor-Amigo-100831071701063\/\" target=\"_blank\">Facebook<\/a> ou (51) 99279 4409&nbsp;<\/p>\n\n\n\n<p><\/p>\n","protected":false},"excerpt":{"rendered":"<p>O Sindicato dos Aerovi\u00e1rios de Porto Alegre comunica que est\u00e1 disponibilizando para a categoria um espa\u00e7o no seu site, Instagram e Facebook, totalmente gratuito, para a divulga\u00e7\u00e3o e venda de produtos e servi\u00e7os. Desde j\u00e1, a entidade declara que n\u00e3o tem nenhuma responsabilidade quanto as transa\u00e7\u00f5es a serem efetivadas.&nbsp; Para anunciar, os aerovi\u00e1rios dever\u00e3o encaminhar<\/p>\n","protected":false},"author":4,"featured_media":0,"parent":0,"menu_order":0,"comment_status":"closed","ping_status":"closed","template":"","meta":{"footnotes":""},"class_list":["post-10902","page","type-page","status-publish"],"_links":{"self":[{"href":"https:\/\/aeroviarios.org.br\/index.php\/wp-json\/wp\/v2\/pages\/10902","targetHints":{"allow":["GET"]}}],"collection":[{"href":"https:\/\/aeroviarios.org.br\/index.php\/wp-json\/wp\/v2\/pages"}],"about":[{"href":"https:\/\/aeroviarios.org.br\/index.php\/wp-json\/wp\/v2\/types\/page"}],"author":[{"embeddable":true,"href":"https:\/\/aeroviarios.org.br\/index.php\/wp-json\/wp\/v2\/users\/4"}],"replies":[{"embeddable":true,"href":"https:\/\/aeroviarios.org.br\/index.php\/wp-json\/wp\/v2\/comments?post=10902"}],"version-history":[{"count":0,"href":"https:\/\/aeroviarios.org.br\/index.php\/wp-json\/wp\/v2\/pages\/10902\/revisions"}],"wp:attachment":[{"href":"https:\/\/aeroviarios.org.br\/index.php\/wp-json\/wp\/v2\/media?parent=10902"}],"curies":[{"name":"wp","href":"https:\/\/api.w.org\/{rel}","templated":true}]}}